{"id":6443,"date":"2024-10-25T15:27:34","date_gmt":"2024-10-25T22:27:34","guid":{"rendered":"https:\/\/www.kcsarc.org\/?page_id=6443"},"modified":"2025-01-10T11:41:35","modified_gmt":"2025-01-10T19:41:35","slug":"rally-for-victims","status":"publish","type":"page","link":"https:\/\/www.kcsarc.org\/vi\/get-involved\/rally-for-victims\/","title":{"rendered":"Bi\u1ec3u t\u00ecnh v\u00ec n\u1ea1n nh\u00e2n"},"content":{"rendered":"","protected":false},"excerpt":{"rendered":"","protected":false},"author":6,"featured_media":0,"parent":20,"menu_order":0,"comment_status":"closed","ping_status":"closed","template":"","meta":{"_acf_changed":false,"footnotes":""},"class_list":["post-6443","page","type-page","status-publish","hentry"],"acf":[],"yoast_head":"<!-- This site is optimized with the Yoast SEO plugin v27.5 - https:\/\/yoast.com\/product\/yoast-seo-wordpress\/ -->\n<title>Rally for victims | KCSARC<\/title>\n<meta name=\"description\" content=\"Join in our call to make sure massive cuts to VOCA don&#039;t make it harder for victims of crime to find the support they need to recover.\" \/>\n<meta name=\"robots\" content=\"index, follow, max-snippet:-1, max-image-preview:large, max-video-preview:-1\" \/>\n<link rel=\"canonical\" href=\"https:\/\/www.kcsarc.org\/vi\/get-involved\/rally-for-victims\/\" \/>\n<meta property=\"og:locale\" content=\"vi_VN\" \/>\n<meta property=\"og:type\" content=\"article\" \/>\n<meta property=\"og:title\" content=\"Rally for victims | KCSARC\" \/>\n<meta property=\"og:description\" content=\"Join in our call to make sure massive cuts to VOCA don&#039;t make it harder for victims of crime to find the support they need to recover.\" \/>\n<meta property=\"og:url\" content=\"https:\/\/www.kcsarc.org\/vi\/get-involved\/rally-for-victims\/\" \/>\n<meta property=\"og:site_name\" content=\"KCSARC\" \/>\n<meta property=\"article:modified_time\" content=\"2025-01-10T19:41:35+00:00\" \/>\n<meta property=\"og:image\" content=\"https:\/\/www.kcsarc.org\/wp-content\/uploads\/2024\/06\/logo-kcsarc.jpg\" \/>\n\t<meta property=\"og:image:width\" content=\"1200\" \/>\n\t<meta property=\"og:image:height\" content=\"675\" \/>\n\t<meta property=\"og:image:type\" content=\"image\/jpeg\" \/>\n<meta name=\"twitter:card\" content=\"summary_large_image\" \/>\n<script type=\"application\/ld+json\" class=\"yoast-schema-graph\">{\"@context\":\"https:\\\/\\\/schema.org\",\"@graph\":[{\"@type\":\"WebPage\",\"@id\":\"https:\\\/\\\/www.kcsarc.org\\\/get-involved\\\/rally-for-victims\\\/\",\"url\":\"https:\\\/\\\/www.kcsarc.org\\\/get-involved\\\/rally-for-victims\\\/\",\"name\":\"Rally for victims | KCSARC\",\"isPartOf\":{\"@id\":\"https:\\\/\\\/www.kcsarc.org\\\/en\\\/#website\"},\"datePublished\":\"2024-10-25T22:27:34+00:00\",\"dateModified\":\"2025-01-10T19:41:35+00:00\",\"description\":\"Join in our call to make sure massive cuts to VOCA don't make it harder for victims of crime to find the support they need to recover.\",\"breadcrumb\":{\"@id\":\"https:\\\/\\\/www.kcsarc.org\\\/get-involved\\\/rally-for-victims\\\/#breadcrumb\"},\"inLanguage\":\"vi\",\"potentialAction\":[{\"@type\":\"ReadAction\",\"target\":[\"https:\\\/\\\/www.kcsarc.org\\\/get-involved\\\/rally-for-victims\\\/\"]}]},{\"@type\":\"BreadcrumbList\",\"@id\":\"https:\\\/\\\/www.kcsarc.org\\\/get-involved\\\/rally-for-victims\\\/#breadcrumb\",\"itemListElement\":[{\"@type\":\"ListItem\",\"position\":1,\"name\":\"Home\",\"item\":\"https:\\\/\\\/www.kcsarc.org\\\/\"},{\"@type\":\"ListItem\",\"position\":2,\"name\":\"Get Involved\",\"item\":\"https:\\\/\\\/www.kcsarc.org\\\/get-involved\\\/\"},{\"@type\":\"ListItem\",\"position\":3,\"name\":\"Rally for Victims\"}]},{\"@type\":\"WebSite\",\"@id\":\"https:\\\/\\\/www.kcsarc.org\\\/en\\\/#website\",\"url\":\"https:\\\/\\\/www.kcsarc.org\\\/en\\\/\",\"name\":\"KCSARC\",\"description\":\"The King County Sexual Assault Resource Center\u2019s mission is to give voice to victims, their families, and communities; create change in beliefs, attitudes, and behaviors about sexual violence; and instill courage for people to speak out about sexual assault.\",\"potentialAction\":[{\"@type\":\"SearchAction\",\"target\":{\"@type\":\"EntryPoint\",\"urlTemplate\":\"https:\\\/\\\/www.kcsarc.org\\\/en\\\/?s={search_term_string}\"},\"query-input\":{\"@type\":\"PropertyValueSpecification\",\"valueRequired\":true,\"valueName\":\"search_term_string\"}}],\"inLanguage\":\"vi\"}]}<\/script>\n<!-- \/ Yoast SEO plugin. -->","yoast_head_json":{"title":"Bi\u1ec3u t\u00ecnh v\u00ec n\u1ea1n nh\u00e2n | KCSARC","description":"H\u00e3y tham gia l\u1eddi k\u00eau g\u1ecdi c\u1ee7a ch\u00fang t\u00f4i \u0111\u1ec3 \u0111\u1ea3m b\u1ea3o vi\u1ec7c c\u1eaft gi\u1ea3m l\u1edbn VOCA kh\u00f4ng khi\u1ebfn n\u1ea1n nh\u00e2n t\u1ed9i ph\u1ea1m kh\u00f3 t\u00ecm \u0111\u01b0\u1ee3c s\u1ef1 h\u1ed7 tr\u1ee3 c\u1ea7n thi\u1ebft \u0111\u1ec3 ph\u1ee5c h\u1ed3i.","robots":{"index":"index","follow":"follow","max-snippet":"max-snippet:-1","max-image-preview":"max-image-preview:large","max-video-preview":"max-video-preview:-1"},"canonical":"https:\/\/www.kcsarc.org\/vi\/get-involved\/rally-for-victims\/","og_locale":"vi_VN","og_type":"article","og_title":"Rally for victims | KCSARC","og_description":"Join in our call to make sure massive cuts to VOCA don't make it harder for victims of crime to find the support they need to recover.","og_url":"https:\/\/www.kcsarc.org\/vi\/get-involved\/rally-for-victims\/","og_site_name":"KCSARC","article_modified_time":"2025-01-10T19:41:35+00:00","og_image":[{"width":1200,"height":675,"url":"https:\/\/www.kcsarc.org\/wp-content\/uploads\/2024\/06\/logo-kcsarc.jpg","type":"image\/jpeg"}],"twitter_card":"summary_large_image","schema":{"@context":"https:\/\/schema.org","@graph":[{"@type":"WebPage","@id":"https:\/\/www.kcsarc.org\/get-involved\/rally-for-victims\/","url":"https:\/\/www.kcsarc.org\/get-involved\/rally-for-victims\/","name":"Bi\u1ec3u t\u00ecnh v\u00ec n\u1ea1n nh\u00e2n | KCSARC","isPartOf":{"@id":"https:\/\/www.kcsarc.org\/en\/#website"},"datePublished":"2024-10-25T22:27:34+00:00","dateModified":"2025-01-10T19:41:35+00:00","description":"H\u00e3y tham gia l\u1eddi k\u00eau g\u1ecdi c\u1ee7a ch\u00fang t\u00f4i \u0111\u1ec3 \u0111\u1ea3m b\u1ea3o vi\u1ec7c c\u1eaft gi\u1ea3m l\u1edbn VOCA kh\u00f4ng khi\u1ebfn n\u1ea1n nh\u00e2n t\u1ed9i ph\u1ea1m kh\u00f3 t\u00ecm \u0111\u01b0\u1ee3c s\u1ef1 h\u1ed7 tr\u1ee3 c\u1ea7n thi\u1ebft \u0111\u1ec3 ph\u1ee5c h\u1ed3i.","breadcrumb":{"@id":"https:\/\/www.kcsarc.org\/get-involved\/rally-for-victims\/#breadcrumb"},"inLanguage":"vi","potentialAction":[{"@type":"ReadAction","target":["https:\/\/www.kcsarc.org\/get-involved\/rally-for-victims\/"]}]},{"@type":"BreadcrumbList","@id":"https:\/\/www.kcsarc.org\/get-involved\/rally-for-victims\/#breadcrumb","itemListElement":[{"@type":"ListItem","position":1,"name":"Home","item":"https:\/\/www.kcsarc.org\/"},{"@type":"ListItem","position":2,"name":"Get Involved","item":"https:\/\/www.kcsarc.org\/get-involved\/"},{"@type":"ListItem","position":3,"name":"Rally for Victims"}]},{"@type":"WebSite","@id":"https:\/\/www.kcsarc.org\/en\/#website","url":"https:\/\/www.kcsarc.org\/en\/","name":"KCSARC","description":"Nhi\u1ec7m v\u1ee5 c\u1ee7a Trung t\u00e2m T\u00e0i nguy\u00ean T\u1ea5n c\u00f4ng T\u00ecnh d\u1ee5c Qu\u1eadn King l\u00e0 l\u00ean ti\u1ebfng cho c\u00e1c n\u1ea1n nh\u00e2n, gia \u0111\u00ecnh h\u1ecd v\u00e0 c\u1ed9ng \u0111\u1ed3ng; t\u1ea1o s\u1ef1 thay \u0111\u1ed5i ni\u1ec1m tin, th\u00e1i \u0111\u1ed9, h\u00e0nh vi v\u1ec1 b\u1ea1o l\u1ef1c t\u00ecnh d\u1ee5c; v\u00e0 truy\u1ec1n cho m\u1ecdi ng\u01b0\u1eddi d\u0169ng kh\u00ed l\u00ean ti\u1ebfng v\u1ec1 t\u1ea5n c\u00f4ng t\u00ecnh d\u1ee5c.","potentialAction":[{"@type":"SearchAction","target":{"@type":"EntryPoint","urlTemplate":"https:\/\/www.kcsarc.org\/en\/?s={search_term_string}"},"query-input":{"@type":"PropertyValueSpecification","valueRequired":true,"valueName":"search_term_string"}}],"inLanguage":"vi"}]}},"_links":{"self":[{"href":"https:\/\/www.kcsarc.org\/vi\/wp-json\/wp\/v2\/pages\/6443","targetHints":{"allow":["GET"]}}],"collection":[{"href":"https:\/\/www.kcsarc.org\/vi\/wp-json\/wp\/v2\/pages"}],"about":[{"href":"https:\/\/www.kcsarc.org\/vi\/wp-json\/wp\/v2\/types\/page"}],"author":[{"embeddable":true,"href":"https:\/\/www.kcsarc.org\/vi\/wp-json\/wp\/v2\/users\/6"}],"replies":[{"embeddable":true,"href":"https:\/\/www.kcsarc.org\/vi\/wp-json\/wp\/v2\/comments?post=6443"}],"version-history":[{"count":10,"href":"https:\/\/www.kcsarc.org\/vi\/wp-json\/wp\/v2\/pages\/6443\/revisions"}],"predecessor-version":[{"id":6629,"href":"https:\/\/www.kcsarc.org\/vi\/wp-json\/wp\/v2\/pages\/6443\/revisions\/6629"}],"up":[{"embeddable":true,"href":"https:\/\/www.kcsarc.org\/vi\/wp-json\/wp\/v2\/pages\/20"}],"wp:attachment":[{"href":"https:\/\/www.kcsarc.org\/vi\/wp-json\/wp\/v2\/media?parent=6443"}],"curies":[{"name":"trang web","href":"https:\/\/api.w.org\/{rel}","templated":true}]}}