{"id":6120,"date":"2024-05-29T13:55:32","date_gmt":"2024-05-29T20:55:32","guid":{"rendered":"https:\/\/www.kcsarc.org\/?page_id=6120"},"modified":"2025-07-25T17:47:49","modified_gmt":"2025-07-26T00:47:49","slug":"impact2023-24","status":"publish","type":"page","link":"https:\/\/www.kcsarc.org\/vi\/impact2023-24\/","title":{"rendered":"T\u00e1c \u0111\u1ed9ng 2023-24"},"content":{"rendered":"","protected":false},"excerpt":{"rendered":"","protected":false},"author":3,"featured_media":0,"parent":0,"menu_order":0,"comment_status":"closed","ping_status":"closed","template":"","meta":{"_acf_changed":false,"footnotes":""},"class_list":["post-6120","page","type-page","status-publish","hentry"],"acf":[],"yoast_head":"<!-- This site is optimized with the Yoast SEO plugin v27.5 - https:\/\/yoast.com\/product\/yoast-seo-wordpress\/ -->\n<title>Impact 2023-24<\/title>\n<meta name=\"description\" content=\"Donating to KCSARC in 2023-24 had real impact, helping thousands of sexual assault survivors heal while shaping community response\" \/>\n<meta name=\"robots\" content=\"index, follow, max-snippet:-1, max-image-preview:large, max-video-preview:-1\" \/>\n<link rel=\"canonical\" href=\"https:\/\/www.kcsarc.org\/vi\/impact2023-24\/\" \/>\n<meta property=\"og:locale\" content=\"vi_VN\" \/>\n<meta property=\"og:type\" content=\"article\" \/>\n<meta property=\"og:title\" content=\"Impact 2023-24\" \/>\n<meta property=\"og:description\" content=\"Donating to KCSARC in 2023-24 had real impact, helping thousands of sexual assault survivors heal while shaping community response\" \/>\n<meta property=\"og:url\" content=\"https:\/\/www.kcsarc.org\/vi\/impact2023-24\/\" \/>\n<meta property=\"og:site_name\" content=\"KCSARC\" \/>\n<meta property=\"article:modified_time\" content=\"2025-07-26T00:47:49+00:00\" \/>\n<meta property=\"og:image\" content=\"https:\/\/www.kcsarc.org\/wp-content\/uploads\/2024\/06\/logo-kcsarc.jpg\" \/>\n\t<meta property=\"og:image:width\" content=\"1200\" \/>\n\t<meta property=\"og:image:height\" content=\"675\" \/>\n\t<meta property=\"og:image:type\" content=\"image\/jpeg\" \/>\n<meta name=\"twitter:card\" content=\"summary_large_image\" \/>\n<script type=\"application\/ld+json\" class=\"yoast-schema-graph\">{\"@context\":\"https:\\\/\\\/schema.org\",\"@graph\":[{\"@type\":\"WebPage\",\"@id\":\"https:\\\/\\\/www.kcsarc.org\\\/impact2023-24\\\/\",\"url\":\"https:\\\/\\\/www.kcsarc.org\\\/impact2023-24\\\/\",\"name\":\"Impact 2023-24\",\"isPartOf\":{\"@id\":\"https:\\\/\\\/www.kcsarc.org\\\/en\\\/#website\"},\"datePublished\":\"2024-05-29T20:55:32+00:00\",\"dateModified\":\"2025-07-26T00:47:49+00:00\",\"description\":\"Donating to KCSARC in 2023-24 had real impact, helping thousands of sexual assault survivors heal while shaping community response\",\"breadcrumb\":{\"@id\":\"https:\\\/\\\/www.kcsarc.org\\\/impact2023-24\\\/#breadcrumb\"},\"inLanguage\":\"vi\",\"potentialAction\":[{\"@type\":\"ReadAction\",\"target\":[\"https:\\\/\\\/www.kcsarc.org\\\/impact2023-24\\\/\"]}]},{\"@type\":\"BreadcrumbList\",\"@id\":\"https:\\\/\\\/www.kcsarc.org\\\/impact2023-24\\\/#breadcrumb\",\"itemListElement\":[{\"@type\":\"ListItem\",\"position\":1,\"name\":\"Home\",\"item\":\"https:\\\/\\\/www.kcsarc.org\\\/\"},{\"@type\":\"ListItem\",\"position\":2,\"name\":\"Impact 2023-24\"}]},{\"@type\":\"WebSite\",\"@id\":\"https:\\\/\\\/www.kcsarc.org\\\/en\\\/#website\",\"url\":\"https:\\\/\\\/www.kcsarc.org\\\/en\\\/\",\"name\":\"KCSARC\",\"description\":\"The King County Sexual Assault Resource Center\u2019s mission is to give voice to victims, their families, and communities; create change in beliefs, attitudes, and behaviors about sexual violence; and instill courage for people to speak out about sexual assault.\",\"potentialAction\":[{\"@type\":\"SearchAction\",\"target\":{\"@type\":\"EntryPoint\",\"urlTemplate\":\"https:\\\/\\\/www.kcsarc.org\\\/en\\\/?s={search_term_string}\"},\"query-input\":{\"@type\":\"PropertyValueSpecification\",\"valueRequired\":true,\"valueName\":\"search_term_string\"}}],\"inLanguage\":\"vi\"}]}<\/script>\n<!-- \/ Yoast SEO plugin. -->","yoast_head_json":{"title":"T\u00e1c \u0111\u1ed9ng 2023-24","description":"Vi\u1ec7c quy\u00ean g\u00f3p cho KCSARC v\u00e0o n\u0103m 2023-24 \u0111\u00e3 c\u00f3 t\u00e1c \u0111\u1ed9ng th\u1ef1c s\u1ef1, gi\u00fap h\u00e0ng ngh\u00ecn n\u1ea1n nh\u00e2n b\u1ecb t\u1ea5n c\u00f4ng t\u00ecnh d\u1ee5c ch\u1eefa l\u00e0nh v\u1ebft th\u01b0\u01a1ng \u0111\u1ed3ng th\u1eddi \u0111\u1ecbnh h\u00ecnh ph\u1ea3n \u1ee9ng c\u1ee7a c\u1ed9ng \u0111\u1ed3ng","robots":{"index":"index","follow":"follow","max-snippet":"max-snippet:-1","max-image-preview":"max-image-preview:large","max-video-preview":"max-video-preview:-1"},"canonical":"https:\/\/www.kcsarc.org\/vi\/impact2023-24\/","og_locale":"vi_VN","og_type":"article","og_title":"Impact 2023-24","og_description":"Donating to KCSARC in 2023-24 had real impact, helping thousands of sexual assault survivors heal while shaping community response","og_url":"https:\/\/www.kcsarc.org\/vi\/impact2023-24\/","og_site_name":"KCSARC","article_modified_time":"2025-07-26T00:47:49+00:00","og_image":[{"width":1200,"height":675,"url":"https:\/\/www.kcsarc.org\/wp-content\/uploads\/2024\/06\/logo-kcsarc.jpg","type":"image\/jpeg"}],"twitter_card":"summary_large_image","schema":{"@context":"https:\/\/schema.org","@graph":[{"@type":"WebPage","@id":"https:\/\/www.kcsarc.org\/impact2023-24\/","url":"https:\/\/www.kcsarc.org\/impact2023-24\/","name":"T\u00e1c \u0111\u1ed9ng 2023-24","isPartOf":{"@id":"https:\/\/www.kcsarc.org\/en\/#website"},"datePublished":"2024-05-29T20:55:32+00:00","dateModified":"2025-07-26T00:47:49+00:00","description":"Vi\u1ec7c quy\u00ean g\u00f3p cho KCSARC v\u00e0o n\u0103m 2023-24 \u0111\u00e3 c\u00f3 t\u00e1c \u0111\u1ed9ng th\u1ef1c s\u1ef1, gi\u00fap h\u00e0ng ngh\u00ecn n\u1ea1n nh\u00e2n b\u1ecb t\u1ea5n c\u00f4ng t\u00ecnh d\u1ee5c ch\u1eefa l\u00e0nh v\u1ebft th\u01b0\u01a1ng \u0111\u1ed3ng th\u1eddi \u0111\u1ecbnh h\u00ecnh ph\u1ea3n \u1ee9ng c\u1ee7a c\u1ed9ng \u0111\u1ed3ng","breadcrumb":{"@id":"https:\/\/www.kcsarc.org\/impact2023-24\/#breadcrumb"},"inLanguage":"vi","potentialAction":[{"@type":"ReadAction","target":["https:\/\/www.kcsarc.org\/impact2023-24\/"]}]},{"@type":"BreadcrumbList","@id":"https:\/\/www.kcsarc.org\/impact2023-24\/#breadcrumb","itemListElement":[{"@type":"ListItem","position":1,"name":"Home","item":"https:\/\/www.kcsarc.org\/"},{"@type":"ListItem","position":2,"name":"Impact 2023-24"}]},{"@type":"WebSite","@id":"https:\/\/www.kcsarc.org\/en\/#website","url":"https:\/\/www.kcsarc.org\/en\/","name":"KCSARC","description":"Nhi\u1ec7m v\u1ee5 c\u1ee7a Trung t\u00e2m T\u00e0i nguy\u00ean T\u1ea5n c\u00f4ng T\u00ecnh d\u1ee5c Qu\u1eadn King l\u00e0 l\u00ean ti\u1ebfng cho c\u00e1c n\u1ea1n nh\u00e2n, gia \u0111\u00ecnh h\u1ecd v\u00e0 c\u1ed9ng \u0111\u1ed3ng; t\u1ea1o s\u1ef1 thay \u0111\u1ed5i ni\u1ec1m tin, th\u00e1i \u0111\u1ed9, h\u00e0nh vi v\u1ec1 b\u1ea1o l\u1ef1c t\u00ecnh d\u1ee5c; v\u00e0 truy\u1ec1n cho m\u1ecdi ng\u01b0\u1eddi d\u0169ng kh\u00ed l\u00ean ti\u1ebfng v\u1ec1 t\u1ea5n c\u00f4ng t\u00ecnh d\u1ee5c.","potentialAction":[{"@type":"SearchAction","target":{"@type":"EntryPoint","urlTemplate":"https:\/\/www.kcsarc.org\/en\/?s={search_term_string}"},"query-input":{"@type":"PropertyValueSpecification","valueRequired":true,"valueName":"search_term_string"}}],"inLanguage":"vi"}]}},"_links":{"self":[{"href":"https:\/\/www.kcsarc.org\/vi\/wp-json\/wp\/v2\/pages\/6120","targetHints":{"allow":["GET"]}}],"collection":[{"href":"https:\/\/www.kcsarc.org\/vi\/wp-json\/wp\/v2\/pages"}],"about":[{"href":"https:\/\/www.kcsarc.org\/vi\/wp-json\/wp\/v2\/types\/page"}],"author":[{"embeddable":true,"href":"https:\/\/www.kcsarc.org\/vi\/wp-json\/wp\/v2\/users\/3"}],"replies":[{"embeddable":true,"href":"https:\/\/www.kcsarc.org\/vi\/wp-json\/wp\/v2\/comments?post=6120"}],"version-history":[{"count":11,"href":"https:\/\/www.kcsarc.org\/vi\/wp-json\/wp\/v2\/pages\/6120\/revisions"}],"predecessor-version":[{"id":7241,"href":"https:\/\/www.kcsarc.org\/vi\/wp-json\/wp\/v2\/pages\/6120\/revisions\/7241"}],"wp:attachment":[{"href":"https:\/\/www.kcsarc.org\/vi\/wp-json\/wp\/v2\/media?parent=6120"}],"curies":[{"name":"trang web","href":"https:\/\/api.w.org\/{rel}","templated":true}]}}