{"id":5409,"date":"2023-09-13T15:00:34","date_gmt":"2023-09-13T22:00:34","guid":{"rendered":"https:\/\/www.kcsarc.org\/?page_id=5409"},"modified":"2023-09-22T16:00:00","modified_gmt":"2023-09-22T23:00:00","slug":"voces-en-alto","status":"publish","type":"page","link":"https:\/\/www.kcsarc.org\/vi\/get-involved\/voces-en-alto\/","title":{"rendered":"Gi\u1ecdng n\u00f3i trong Alto"},"content":{"rendered":"","protected":false},"excerpt":{"rendered":"","protected":false},"author":3,"featured_media":0,"parent":20,"menu_order":0,"comment_status":"closed","ping_status":"closed","template":"","meta":{"_acf_changed":false,"footnotes":""},"class_list":["post-5409","page","type-page","status-publish","hentry"],"acf":[],"yoast_head":"<!-- This site is optimized with the Yoast SEO plugin v27.5 - https:\/\/yoast.com\/product\/yoast-seo-wordpress\/ -->\n<title>\u00danase a Voces en Alto | KCSARC %<\/title>\n<meta name=\"description\" content=\"Descubra c\u00f3mo KCSARC ofrece a sus clientes una variedad de oportunidades para denunciar las agresiones sexuales de forma significativa y que propicie el cambio.\" \/>\n<meta name=\"robots\" content=\"index, follow, max-snippet:-1, max-image-preview:large, max-video-preview:-1\" \/>\n<link rel=\"canonical\" href=\"https:\/\/www.kcsarc.org\/vi\/get-involved\/voces-en-alto\/\" \/>\n<meta property=\"og:locale\" content=\"vi_VN\" \/>\n<meta property=\"og:type\" content=\"article\" \/>\n<meta property=\"og:title\" content=\"\u00danase a Voces en Alto | KCSARC %\" \/>\n<meta property=\"og:description\" content=\"Descubra c\u00f3mo KCSARC ofrece a sus clientes una variedad de oportunidades para denunciar las agresiones sexuales de forma significativa y que propicie el cambio.\" \/>\n<meta property=\"og:url\" content=\"https:\/\/www.kcsarc.org\/vi\/get-involved\/voces-en-alto\/\" \/>\n<meta property=\"og:site_name\" content=\"KCSARC\" \/>\n<meta property=\"article:modified_time\" content=\"2023-09-22T23:00:00+00:00\" \/>\n<meta property=\"og:image\" content=\"https:\/\/www.kcsarc.org\/wp-content\/uploads\/2024\/06\/logo-kcsarc.jpg\" \/>\n\t<meta property=\"og:image:width\" content=\"1200\" \/>\n\t<meta property=\"og:image:height\" content=\"675\" \/>\n\t<meta property=\"og:image:type\" content=\"image\/jpeg\" \/>\n<meta name=\"twitter:card\" content=\"summary_large_image\" \/>\n<script type=\"application\/ld+json\" class=\"yoast-schema-graph\">{\"@context\":\"https:\\\/\\\/schema.org\",\"@graph\":[{\"@type\":\"WebPage\",\"@id\":\"https:\\\/\\\/www.kcsarc.org\\\/get-involved\\\/voces-en-alto\\\/\",\"url\":\"https:\\\/\\\/www.kcsarc.org\\\/get-involved\\\/voces-en-alto\\\/\",\"name\":\"\u00danase a Voces en Alto | KCSARC %\",\"isPartOf\":{\"@id\":\"https:\\\/\\\/www.kcsarc.org\\\/en\\\/#website\"},\"datePublished\":\"2023-09-13T22:00:34+00:00\",\"dateModified\":\"2023-09-22T23:00:00+00:00\",\"description\":\"Descubra c\u00f3mo KCSARC ofrece a sus clientes una variedad de oportunidades para denunciar las agresiones sexuales de forma significativa y que propicie el cambio.\",\"breadcrumb\":{\"@id\":\"https:\\\/\\\/www.kcsarc.org\\\/get-involved\\\/voces-en-alto\\\/#breadcrumb\"},\"inLanguage\":\"vi\",\"potentialAction\":[{\"@type\":\"ReadAction\",\"target\":[\"https:\\\/\\\/www.kcsarc.org\\\/get-involved\\\/voces-en-alto\\\/\"]}]},{\"@type\":\"BreadcrumbList\",\"@id\":\"https:\\\/\\\/www.kcsarc.org\\\/get-involved\\\/voces-en-alto\\\/#breadcrumb\",\"itemListElement\":[{\"@type\":\"ListItem\",\"position\":1,\"name\":\"Home\",\"item\":\"https:\\\/\\\/www.kcsarc.org\\\/\"},{\"@type\":\"ListItem\",\"position\":2,\"name\":\"Get Involved\",\"item\":\"https:\\\/\\\/www.kcsarc.org\\\/get-involved\\\/\"},{\"@type\":\"ListItem\",\"position\":3,\"name\":\"Voces en Alto\"}]},{\"@type\":\"WebSite\",\"@id\":\"https:\\\/\\\/www.kcsarc.org\\\/en\\\/#website\",\"url\":\"https:\\\/\\\/www.kcsarc.org\\\/en\\\/\",\"name\":\"KCSARC\",\"description\":\"The King County Sexual Assault Resource Center\u2019s mission is to give voice to victims, their families, and communities; create change in beliefs, attitudes, and behaviors about sexual violence; and instill courage for people to speak out about sexual assault.\",\"potentialAction\":[{\"@type\":\"SearchAction\",\"target\":{\"@type\":\"EntryPoint\",\"urlTemplate\":\"https:\\\/\\\/www.kcsarc.org\\\/en\\\/?s={search_term_string}\"},\"query-input\":{\"@type\":\"PropertyValueSpecification\",\"valueRequired\":true,\"valueName\":\"search_term_string\"}}],\"inLanguage\":\"vi\"}]}<\/script>\n<!-- \/ Yoast SEO plugin. -->","yoast_head_json":{"title":"B\u1ecf qua gi\u1ecdng n\u00f3i trong Alto | KCSARC %","description":"M\u00f4 t\u1ea3 c\u1ee7a KCSARC c\u00f3 m\u1ed9t s\u1ed1 kh\u00e1ch h\u00e0ng \u0111a d\u1ea1ng v\u1ec1 c\u01a1 h\u1ed9i t\u1ed1 c\u00e1o c\u00e1c m\u1ed1i quan h\u1ec7 t\u00ecnh d\u1ee5c c\u00f3 \u00fd ngh\u0129a quan tr\u1ecdng v\u00e0 mong mu\u1ed1n c\u00f3 \u0111\u01b0\u1ee3c cambio.","robots":{"index":"index","follow":"follow","max-snippet":"max-snippet:-1","max-image-preview":"max-image-preview:large","max-video-preview":"max-video-preview:-1"},"canonical":"https:\/\/www.kcsarc.org\/vi\/get-involved\/voces-en-alto\/","og_locale":"vi_VN","og_type":"article","og_title":"\u00danase a Voces en Alto | KCSARC %","og_description":"Descubra c\u00f3mo KCSARC ofrece a sus clientes una variedad de oportunidades para denunciar las agresiones sexuales de forma significativa y que propicie el cambio.","og_url":"https:\/\/www.kcsarc.org\/vi\/get-involved\/voces-en-alto\/","og_site_name":"KCSARC","article_modified_time":"2023-09-22T23:00:00+00:00","og_image":[{"width":1200,"height":675,"url":"https:\/\/www.kcsarc.org\/wp-content\/uploads\/2024\/06\/logo-kcsarc.jpg","type":"image\/jpeg"}],"twitter_card":"summary_large_image","schema":{"@context":"https:\/\/schema.org","@graph":[{"@type":"WebPage","@id":"https:\/\/www.kcsarc.org\/get-involved\/voces-en-alto\/","url":"https:\/\/www.kcsarc.org\/get-involved\/voces-en-alto\/","name":"B\u1ecf qua gi\u1ecdng n\u00f3i trong Alto | KCSARC %","isPartOf":{"@id":"https:\/\/www.kcsarc.org\/en\/#website"},"datePublished":"2023-09-13T22:00:34+00:00","dateModified":"2023-09-22T23:00:00+00:00","description":"M\u00f4 t\u1ea3 c\u1ee7a KCSARC c\u00f3 m\u1ed9t s\u1ed1 kh\u00e1ch h\u00e0ng \u0111a d\u1ea1ng v\u1ec1 c\u01a1 h\u1ed9i t\u1ed1 c\u00e1o c\u00e1c m\u1ed1i quan h\u1ec7 t\u00ecnh d\u1ee5c c\u00f3 \u00fd ngh\u0129a quan tr\u1ecdng v\u00e0 mong mu\u1ed1n c\u00f3 \u0111\u01b0\u1ee3c cambio.","breadcrumb":{"@id":"https:\/\/www.kcsarc.org\/get-involved\/voces-en-alto\/#breadcrumb"},"inLanguage":"vi","potentialAction":[{"@type":"ReadAction","target":["https:\/\/www.kcsarc.org\/get-involved\/voces-en-alto\/"]}]},{"@type":"BreadcrumbList","@id":"https:\/\/www.kcsarc.org\/get-involved\/voces-en-alto\/#breadcrumb","itemListElement":[{"@type":"ListItem","position":1,"name":"Home","item":"https:\/\/www.kcsarc.org\/"},{"@type":"ListItem","position":2,"name":"Get Involved","item":"https:\/\/www.kcsarc.org\/get-involved\/"},{"@type":"ListItem","position":3,"name":"Voces en Alto"}]},{"@type":"WebSite","@id":"https:\/\/www.kcsarc.org\/en\/#website","url":"https:\/\/www.kcsarc.org\/en\/","name":"KCSARC","description":"Nhi\u1ec7m v\u1ee5 c\u1ee7a Trung t\u00e2m T\u00e0i nguy\u00ean T\u1ea5n c\u00f4ng T\u00ecnh d\u1ee5c Qu\u1eadn King l\u00e0 l\u00ean ti\u1ebfng cho c\u00e1c n\u1ea1n nh\u00e2n, gia \u0111\u00ecnh h\u1ecd v\u00e0 c\u1ed9ng \u0111\u1ed3ng; t\u1ea1o s\u1ef1 thay \u0111\u1ed5i ni\u1ec1m tin, th\u00e1i \u0111\u1ed9, h\u00e0nh vi v\u1ec1 b\u1ea1o l\u1ef1c t\u00ecnh d\u1ee5c; v\u00e0 truy\u1ec1n cho m\u1ecdi ng\u01b0\u1eddi d\u0169ng kh\u00ed l\u00ean ti\u1ebfng v\u1ec1 t\u1ea5n c\u00f4ng t\u00ecnh d\u1ee5c.","potentialAction":[{"@type":"SearchAction","target":{"@type":"EntryPoint","urlTemplate":"https:\/\/www.kcsarc.org\/en\/?s={search_term_string}"},"query-input":{"@type":"PropertyValueSpecification","valueRequired":true,"valueName":"search_term_string"}}],"inLanguage":"vi"}]}},"_links":{"self":[{"href":"https:\/\/www.kcsarc.org\/vi\/wp-json\/wp\/v2\/pages\/5409","targetHints":{"allow":["GET"]}}],"collection":[{"href":"https:\/\/www.kcsarc.org\/vi\/wp-json\/wp\/v2\/pages"}],"about":[{"href":"https:\/\/www.kcsarc.org\/vi\/wp-json\/wp\/v2\/types\/page"}],"author":[{"embeddable":true,"href":"https:\/\/www.kcsarc.org\/vi\/wp-json\/wp\/v2\/users\/3"}],"replies":[{"embeddable":true,"href":"https:\/\/www.kcsarc.org\/vi\/wp-json\/wp\/v2\/comments?post=5409"}],"version-history":[{"count":10,"href":"https:\/\/www.kcsarc.org\/vi\/wp-json\/wp\/v2\/pages\/5409\/revisions"}],"predecessor-version":[{"id":5505,"href":"https:\/\/www.kcsarc.org\/vi\/wp-json\/wp\/v2\/pages\/5409\/revisions\/5505"}],"up":[{"embeddable":true,"href":"https:\/\/www.kcsarc.org\/vi\/wp-json\/wp\/v2\/pages\/20"}],"wp:attachment":[{"href":"https:\/\/www.kcsarc.org\/vi\/wp-json\/wp\/v2\/media?parent=5409"}],"curies":[{"name":"trang web","href":"https:\/\/api.w.org\/{rel}","templated":true}]}}