{"id":4666,"date":"2022-10-12T16:05:12","date_gmt":"2022-10-12T23:05:12","guid":{"rendered":"https:\/\/www.kcsarc.org\/?page_id=4666"},"modified":"2023-03-15T09:06:56","modified_gmt":"2023-03-15T16:06:56","slug":"2023-be-loud-breakfast","status":"publish","type":"page","link":"https:\/\/www.kcsarc.org\/vi\/get-involved\/2023-be-loud-breakfast\/","title":{"rendered":"BE LOUD B\u1eefa s\u00e1ng 2023"},"content":{"rendered":"","protected":false},"excerpt":{"rendered":"","protected":false},"author":3,"featured_media":0,"parent":20,"menu_order":0,"comment_status":"closed","ping_status":"closed","template":"","meta":{"_acf_changed":false,"footnotes":""},"class_list":["post-4666","page","type-page","status-publish","hentry"],"acf":[],"yoast_head":"<!-- This site is optimized with the Yoast SEO plugin v27.5 - https:\/\/yoast.com\/product\/yoast-seo-wordpress\/ -->\n<title>BE LOUD Breakfast 2023 - KCSARC<\/title>\n<meta name=\"description\" content=\"Be part of our 2023 BE LOUD Breakfast to support services for sexual assault survivors in King County, Wednesday, March 15, 2023.\" \/>\n<meta name=\"robots\" content=\"index, follow, max-snippet:-1, max-image-preview:large, max-video-preview:-1\" \/>\n<link rel=\"canonical\" href=\"https:\/\/www.kcsarc.org\/vi\/get-involved\/2023-be-loud-breakfast\/\" \/>\n<meta property=\"og:locale\" content=\"vi_VN\" \/>\n<meta property=\"og:type\" content=\"article\" \/>\n<meta property=\"og:title\" content=\"BE LOUD Breakfast 2023 - KCSARC\" \/>\n<meta property=\"og:description\" content=\"Be part of our 2023 BE LOUD Breakfast to support services for sexual assault survivors in King County, Wednesday, March 15, 2023.\" \/>\n<meta property=\"og:url\" content=\"https:\/\/www.kcsarc.org\/vi\/get-involved\/2023-be-loud-breakfast\/\" \/>\n<meta property=\"og:site_name\" content=\"KCSARC\" \/>\n<meta property=\"article:modified_time\" content=\"2023-03-15T16:06:56+00:00\" \/>\n<meta property=\"og:image\" content=\"https:\/\/www.kcsarc.org\/wp-content\/uploads\/2024\/06\/logo-kcsarc.jpg\" \/>\n\t<meta property=\"og:image:width\" content=\"1200\" \/>\n\t<meta property=\"og:image:height\" content=\"675\" \/>\n\t<meta property=\"og:image:type\" content=\"image\/jpeg\" \/>\n<meta name=\"twitter:card\" content=\"summary_large_image\" \/>\n<script type=\"application\/ld+json\" class=\"yoast-schema-graph\">{\"@context\":\"https:\\\/\\\/schema.org\",\"@graph\":[{\"@type\":\"WebPage\",\"@id\":\"https:\\\/\\\/www.kcsarc.org\\\/get-involved\\\/2023-be-loud-breakfast\\\/\",\"url\":\"https:\\\/\\\/www.kcsarc.org\\\/get-involved\\\/2023-be-loud-breakfast\\\/\",\"name\":\"BE LOUD Breakfast 2023 - KCSARC\",\"isPartOf\":{\"@id\":\"https:\\\/\\\/www.kcsarc.org\\\/en\\\/#website\"},\"datePublished\":\"2022-10-12T23:05:12+00:00\",\"dateModified\":\"2023-03-15T16:06:56+00:00\",\"description\":\"Be part of our 2023 BE LOUD Breakfast to support services for sexual assault survivors in King County, Wednesday, March 15, 2023.\",\"breadcrumb\":{\"@id\":\"https:\\\/\\\/www.kcsarc.org\\\/get-involved\\\/2023-be-loud-breakfast\\\/#breadcrumb\"},\"inLanguage\":\"vi\",\"potentialAction\":[{\"@type\":\"ReadAction\",\"target\":[\"https:\\\/\\\/www.kcsarc.org\\\/get-involved\\\/2023-be-loud-breakfast\\\/\"]}]},{\"@type\":\"BreadcrumbList\",\"@id\":\"https:\\\/\\\/www.kcsarc.org\\\/get-involved\\\/2023-be-loud-breakfast\\\/#breadcrumb\",\"itemListElement\":[{\"@type\":\"ListItem\",\"position\":1,\"name\":\"Home\",\"item\":\"https:\\\/\\\/www.kcsarc.org\\\/\"},{\"@type\":\"ListItem\",\"position\":2,\"name\":\"Get Involved\",\"item\":\"https:\\\/\\\/www.kcsarc.org\\\/get-involved\\\/\"},{\"@type\":\"ListItem\",\"position\":3,\"name\":\"2023-BE-LOUD-Breakfast\"}]},{\"@type\":\"WebSite\",\"@id\":\"https:\\\/\\\/www.kcsarc.org\\\/en\\\/#website\",\"url\":\"https:\\\/\\\/www.kcsarc.org\\\/en\\\/\",\"name\":\"KCSARC\",\"description\":\"The King County Sexual Assault Resource Center\u2019s mission is to give voice to victims, their families, and communities; create change in beliefs, attitudes, and behaviors about sexual violence; and instill courage for people to speak out about sexual assault.\",\"potentialAction\":[{\"@type\":\"SearchAction\",\"target\":{\"@type\":\"EntryPoint\",\"urlTemplate\":\"https:\\\/\\\/www.kcsarc.org\\\/en\\\/?s={search_term_string}\"},\"query-input\":{\"@type\":\"PropertyValueSpecification\",\"valueRequired\":true,\"valueName\":\"search_term_string\"}}],\"inLanguage\":\"vi\"}]}<\/script>\n<!-- \/ Yoast SEO plugin. -->","yoast_head_json":{"title":"BE LOUD B\u1eefa s\u00e1ng 2023 - KCSARC","description":"H\u00e3y tham gia B\u1eefa s\u00e1ng BE LOUD 2023 c\u1ee7a ch\u00fang t\u00f4i \u0111\u1ec3 h\u1ed7 tr\u1ee3 c\u00e1c d\u1ecbch v\u1ee5 d\u00e0nh cho n\u1ea1n nh\u00e2n b\u1ecb t\u1ea5n c\u00f4ng t\u00ecnh d\u1ee5c \u1edf Qu\u1eadn King, Th\u1ee9 T\u01b0, ng\u00e0y 15 th\u00e1ng 3 n\u0103m 2023.","robots":{"index":"index","follow":"follow","max-snippet":"max-snippet:-1","max-image-preview":"max-image-preview:large","max-video-preview":"max-video-preview:-1"},"canonical":"https:\/\/www.kcsarc.org\/vi\/get-involved\/2023-be-loud-breakfast\/","og_locale":"vi_VN","og_type":"article","og_title":"BE LOUD Breakfast 2023 - KCSARC","og_description":"Be part of our 2023 BE LOUD Breakfast to support services for sexual assault survivors in King County, Wednesday, March 15, 2023.","og_url":"https:\/\/www.kcsarc.org\/vi\/get-involved\/2023-be-loud-breakfast\/","og_site_name":"KCSARC","article_modified_time":"2023-03-15T16:06:56+00:00","og_image":[{"width":1200,"height":675,"url":"https:\/\/www.kcsarc.org\/wp-content\/uploads\/2024\/06\/logo-kcsarc.jpg","type":"image\/jpeg"}],"twitter_card":"summary_large_image","schema":{"@context":"https:\/\/schema.org","@graph":[{"@type":"WebPage","@id":"https:\/\/www.kcsarc.org\/get-involved\/2023-be-loud-breakfast\/","url":"https:\/\/www.kcsarc.org\/get-involved\/2023-be-loud-breakfast\/","name":"BE LOUD B\u1eefa s\u00e1ng 2023 - KCSARC","isPartOf":{"@id":"https:\/\/www.kcsarc.org\/en\/#website"},"datePublished":"2022-10-12T23:05:12+00:00","dateModified":"2023-03-15T16:06:56+00:00","description":"H\u00e3y tham gia B\u1eefa s\u00e1ng BE LOUD 2023 c\u1ee7a ch\u00fang t\u00f4i \u0111\u1ec3 h\u1ed7 tr\u1ee3 c\u00e1c d\u1ecbch v\u1ee5 d\u00e0nh cho n\u1ea1n nh\u00e2n b\u1ecb t\u1ea5n c\u00f4ng t\u00ecnh d\u1ee5c \u1edf Qu\u1eadn King, Th\u1ee9 T\u01b0, ng\u00e0y 15 th\u00e1ng 3 n\u0103m 2023.","breadcrumb":{"@id":"https:\/\/www.kcsarc.org\/get-involved\/2023-be-loud-breakfast\/#breadcrumb"},"inLanguage":"vi","potentialAction":[{"@type":"ReadAction","target":["https:\/\/www.kcsarc.org\/get-involved\/2023-be-loud-breakfast\/"]}]},{"@type":"BreadcrumbList","@id":"https:\/\/www.kcsarc.org\/get-involved\/2023-be-loud-breakfast\/#breadcrumb","itemListElement":[{"@type":"ListItem","position":1,"name":"Home","item":"https:\/\/www.kcsarc.org\/"},{"@type":"ListItem","position":2,"name":"Get Involved","item":"https:\/\/www.kcsarc.org\/get-involved\/"},{"@type":"ListItem","position":3,"name":"2023-BE-LOUD-Breakfast"}]},{"@type":"WebSite","@id":"https:\/\/www.kcsarc.org\/en\/#website","url":"https:\/\/www.kcsarc.org\/en\/","name":"KCSARC","description":"Nhi\u1ec7m v\u1ee5 c\u1ee7a Trung t\u00e2m T\u00e0i nguy\u00ean T\u1ea5n c\u00f4ng T\u00ecnh d\u1ee5c Qu\u1eadn King l\u00e0 l\u00ean ti\u1ebfng cho c\u00e1c n\u1ea1n nh\u00e2n, gia \u0111\u00ecnh h\u1ecd v\u00e0 c\u1ed9ng \u0111\u1ed3ng; t\u1ea1o s\u1ef1 thay \u0111\u1ed5i ni\u1ec1m tin, th\u00e1i \u0111\u1ed9, h\u00e0nh vi v\u1ec1 b\u1ea1o l\u1ef1c t\u00ecnh d\u1ee5c; v\u00e0 truy\u1ec1n cho m\u1ecdi ng\u01b0\u1eddi d\u0169ng kh\u00ed l\u00ean ti\u1ebfng v\u1ec1 t\u1ea5n c\u00f4ng t\u00ecnh d\u1ee5c.","potentialAction":[{"@type":"SearchAction","target":{"@type":"EntryPoint","urlTemplate":"https:\/\/www.kcsarc.org\/en\/?s={search_term_string}"},"query-input":{"@type":"PropertyValueSpecification","valueRequired":true,"valueName":"search_term_string"}}],"inLanguage":"vi"}]}},"_links":{"self":[{"href":"https:\/\/www.kcsarc.org\/vi\/wp-json\/wp\/v2\/pages\/4666","targetHints":{"allow":["GET"]}}],"collection":[{"href":"https:\/\/www.kcsarc.org\/vi\/wp-json\/wp\/v2\/pages"}],"about":[{"href":"https:\/\/www.kcsarc.org\/vi\/wp-json\/wp\/v2\/types\/page"}],"author":[{"embeddable":true,"href":"https:\/\/www.kcsarc.org\/vi\/wp-json\/wp\/v2\/users\/3"}],"replies":[{"embeddable":true,"href":"https:\/\/www.kcsarc.org\/vi\/wp-json\/wp\/v2\/comments?post=4666"}],"version-history":[{"count":11,"href":"https:\/\/www.kcsarc.org\/vi\/wp-json\/wp\/v2\/pages\/4666\/revisions"}],"predecessor-version":[{"id":6442,"href":"https:\/\/www.kcsarc.org\/vi\/wp-json\/wp\/v2\/pages\/4666\/revisions\/6442"}],"up":[{"embeddable":true,"href":"https:\/\/www.kcsarc.org\/vi\/wp-json\/wp\/v2\/pages\/20"}],"wp:attachment":[{"href":"https:\/\/www.kcsarc.org\/vi\/wp-json\/wp\/v2\/media?parent=4666"}],"curies":[{"name":"trang web","href":"https:\/\/api.w.org\/{rel}","templated":true}]}}