{"id":26,"date":"2021-04-19T09:09:43","date_gmt":"2021-04-19T16:09:43","guid":{"rendered":"https:\/\/kcsarc.org\/?page_id=26"},"modified":"2023-10-13T16:37:30","modified_gmt":"2023-10-13T23:37:30","slug":"contact","status":"publish","type":"page","link":"https:\/\/www.kcsarc.org\/vi\/contact\/","title":{"rendered":"Ti\u1ebfp x\u00fac"},"content":{"rendered":"","protected":false},"excerpt":{"rendered":"","protected":false},"author":2,"featured_media":0,"parent":0,"menu_order":0,"comment_status":"closed","ping_status":"closed","template":"","meta":{"_acf_changed":false,"footnotes":""},"class_list":["post-26","page","type-page","status-publish","hentry"],"acf":[],"yoast_head":"<!-- This site is optimized with the Yoast SEO plugin v27.5 - https:\/\/yoast.com\/product\/yoast-seo-wordpress\/ -->\n<title>Contact Us | KCSARC<\/title>\n<meta name=\"description\" content=\"Survivors, families, partners and others seeking help or information about sexual assault can contact King County Sexual Assault Resource Center\" \/>\n<meta name=\"robots\" content=\"index, follow, max-snippet:-1, max-image-preview:large, max-video-preview:-1\" \/>\n<link rel=\"canonical\" href=\"https:\/\/www.kcsarc.org\/vi\/contact\/\" \/>\n<meta property=\"og:locale\" content=\"vi_VN\" \/>\n<meta property=\"og:type\" content=\"article\" \/>\n<meta property=\"og:title\" content=\"Contact Us | KCSARC\" \/>\n<meta property=\"og:description\" content=\"Survivors, families, partners and others seeking help or information about sexual assault can contact King County Sexual Assault Resource Center\" \/>\n<meta property=\"og:url\" content=\"https:\/\/www.kcsarc.org\/vi\/contact\/\" \/>\n<meta property=\"og:site_name\" content=\"KCSARC\" \/>\n<meta property=\"article:modified_time\" content=\"2023-10-13T23:37:30+00:00\" \/>\n<meta property=\"og:image\" content=\"https:\/\/www.kcsarc.org\/wp-content\/uploads\/2024\/06\/logo-kcsarc.jpg\" \/>\n\t<meta property=\"og:image:width\" content=\"1200\" \/>\n\t<meta property=\"og:image:height\" content=\"675\" \/>\n\t<meta property=\"og:image:type\" content=\"image\/jpeg\" \/>\n<meta name=\"twitter:card\" content=\"summary_large_image\" \/>\n<script type=\"application\/ld+json\" class=\"yoast-schema-graph\">{\"@context\":\"https:\\\/\\\/schema.org\",\"@graph\":[{\"@type\":\"WebPage\",\"@id\":\"https:\\\/\\\/www.kcsarc.org\\\/contact\\\/\",\"url\":\"https:\\\/\\\/www.kcsarc.org\\\/contact\\\/\",\"name\":\"Contact Us | KCSARC\",\"isPartOf\":{\"@id\":\"https:\\\/\\\/www.kcsarc.org\\\/en\\\/#website\"},\"datePublished\":\"2021-04-19T16:09:43+00:00\",\"dateModified\":\"2023-10-13T23:37:30+00:00\",\"description\":\"Survivors, families, partners and others seeking help or information about sexual assault can contact King County Sexual Assault Resource Center\",\"breadcrumb\":{\"@id\":\"https:\\\/\\\/www.kcsarc.org\\\/contact\\\/#breadcrumb\"},\"inLanguage\":\"vi\",\"potentialAction\":[{\"@type\":\"ReadAction\",\"target\":[\"https:\\\/\\\/www.kcsarc.org\\\/contact\\\/\"]}]},{\"@type\":\"BreadcrumbList\",\"@id\":\"https:\\\/\\\/www.kcsarc.org\\\/contact\\\/#breadcrumb\",\"itemListElement\":[{\"@type\":\"ListItem\",\"position\":1,\"name\":\"Home\",\"item\":\"https:\\\/\\\/www.kcsarc.org\\\/\"},{\"@type\":\"ListItem\",\"position\":2,\"name\":\"Contact\"}]},{\"@type\":\"WebSite\",\"@id\":\"https:\\\/\\\/www.kcsarc.org\\\/en\\\/#website\",\"url\":\"https:\\\/\\\/www.kcsarc.org\\\/en\\\/\",\"name\":\"KCSARC\",\"description\":\"The King County Sexual Assault Resource Center\u2019s mission is to give voice to victims, their families, and communities; create change in beliefs, attitudes, and behaviors about sexual violence; and instill courage for people to speak out about sexual assault.\",\"potentialAction\":[{\"@type\":\"SearchAction\",\"target\":{\"@type\":\"EntryPoint\",\"urlTemplate\":\"https:\\\/\\\/www.kcsarc.org\\\/en\\\/?s={search_term_string}\"},\"query-input\":{\"@type\":\"PropertyValueSpecification\",\"valueRequired\":true,\"valueName\":\"search_term_string\"}}],\"inLanguage\":\"vi\"}]}<\/script>\n<!-- \/ Yoast SEO plugin. -->","yoast_head_json":{"title":"Li\u00ean H\u1ec7 | KCSARC","description":"Nh\u1eefng ng\u01b0\u1eddi s\u1ed1ng s\u00f3t, gia \u0111\u00ecnh, b\u1ea1n t\u00ecnh v\u00e0 nh\u1eefng ng\u01b0\u1eddi kh\u00e1c \u0111ang t\u00ecm ki\u1ebfm s\u1ef1 gi\u00fap \u0111\u1ee1 ho\u1eb7c th\u00f4ng tin v\u1ec1 t\u1ea5n c\u00f4ng t\u00ecnh d\u1ee5c c\u00f3 th\u1ec3 li\u00ean h\u1ec7 v\u1edbi Trung t\u00e2m T\u00e0i nguy\u00ean T\u1ea5n c\u00f4ng T\u00ecnh d\u1ee5c Qu\u1eadn King","robots":{"index":"index","follow":"follow","max-snippet":"max-snippet:-1","max-image-preview":"max-image-preview:large","max-video-preview":"max-video-preview:-1"},"canonical":"https:\/\/www.kcsarc.org\/vi\/contact\/","og_locale":"vi_VN","og_type":"article","og_title":"Contact Us | KCSARC","og_description":"Survivors, families, partners and others seeking help or information about sexual assault can contact King County Sexual Assault Resource Center","og_url":"https:\/\/www.kcsarc.org\/vi\/contact\/","og_site_name":"KCSARC","article_modified_time":"2023-10-13T23:37:30+00:00","og_image":[{"width":1200,"height":675,"url":"https:\/\/www.kcsarc.org\/wp-content\/uploads\/2024\/06\/logo-kcsarc.jpg","type":"image\/jpeg"}],"twitter_card":"summary_large_image","schema":{"@context":"https:\/\/schema.org","@graph":[{"@type":"WebPage","@id":"https:\/\/www.kcsarc.org\/contact\/","url":"https:\/\/www.kcsarc.org\/contact\/","name":"Li\u00ean H\u1ec7 | KCSARC","isPartOf":{"@id":"https:\/\/www.kcsarc.org\/en\/#website"},"datePublished":"2021-04-19T16:09:43+00:00","dateModified":"2023-10-13T23:37:30+00:00","description":"Nh\u1eefng ng\u01b0\u1eddi s\u1ed1ng s\u00f3t, gia \u0111\u00ecnh, b\u1ea1n t\u00ecnh v\u00e0 nh\u1eefng ng\u01b0\u1eddi kh\u00e1c \u0111ang t\u00ecm ki\u1ebfm s\u1ef1 gi\u00fap \u0111\u1ee1 ho\u1eb7c th\u00f4ng tin v\u1ec1 t\u1ea5n c\u00f4ng t\u00ecnh d\u1ee5c c\u00f3 th\u1ec3 li\u00ean h\u1ec7 v\u1edbi Trung t\u00e2m T\u00e0i nguy\u00ean T\u1ea5n c\u00f4ng T\u00ecnh d\u1ee5c Qu\u1eadn King","breadcrumb":{"@id":"https:\/\/www.kcsarc.org\/contact\/#breadcrumb"},"inLanguage":"vi","potentialAction":[{"@type":"ReadAction","target":["https:\/\/www.kcsarc.org\/contact\/"]}]},{"@type":"BreadcrumbList","@id":"https:\/\/www.kcsarc.org\/contact\/#breadcrumb","itemListElement":[{"@type":"ListItem","position":1,"name":"Home","item":"https:\/\/www.kcsarc.org\/"},{"@type":"ListItem","position":2,"name":"Contact"}]},{"@type":"WebSite","@id":"https:\/\/www.kcsarc.org\/en\/#website","url":"https:\/\/www.kcsarc.org\/en\/","name":"KCSARC","description":"Nhi\u1ec7m v\u1ee5 c\u1ee7a Trung t\u00e2m T\u00e0i nguy\u00ean T\u1ea5n c\u00f4ng T\u00ecnh d\u1ee5c Qu\u1eadn King l\u00e0 l\u00ean ti\u1ebfng cho c\u00e1c n\u1ea1n nh\u00e2n, gia \u0111\u00ecnh h\u1ecd v\u00e0 c\u1ed9ng \u0111\u1ed3ng; t\u1ea1o s\u1ef1 thay \u0111\u1ed5i ni\u1ec1m tin, th\u00e1i \u0111\u1ed9, h\u00e0nh vi v\u1ec1 b\u1ea1o l\u1ef1c t\u00ecnh d\u1ee5c; v\u00e0 truy\u1ec1n cho m\u1ecdi ng\u01b0\u1eddi d\u0169ng kh\u00ed l\u00ean ti\u1ebfng v\u1ec1 t\u1ea5n c\u00f4ng t\u00ecnh d\u1ee5c.","potentialAction":[{"@type":"SearchAction","target":{"@type":"EntryPoint","urlTemplate":"https:\/\/www.kcsarc.org\/en\/?s={search_term_string}"},"query-input":{"@type":"PropertyValueSpecification","valueRequired":true,"valueName":"search_term_string"}}],"inLanguage":"vi"}]}},"_links":{"self":[{"href":"https:\/\/www.kcsarc.org\/vi\/wp-json\/wp\/v2\/pages\/26","targetHints":{"allow":["GET"]}}],"collection":[{"href":"https:\/\/www.kcsarc.org\/vi\/wp-json\/wp\/v2\/pages"}],"about":[{"href":"https:\/\/www.kcsarc.org\/vi\/wp-json\/wp\/v2\/types\/page"}],"author":[{"embeddable":true,"href":"https:\/\/www.kcsarc.org\/vi\/wp-json\/wp\/v2\/users\/2"}],"replies":[{"embeddable":true,"href":"https:\/\/www.kcsarc.org\/vi\/wp-json\/wp\/v2\/comments?post=26"}],"version-history":[{"count":10,"href":"https:\/\/www.kcsarc.org\/vi\/wp-json\/wp\/v2\/pages\/26\/revisions"}],"predecessor-version":[{"id":5542,"href":"https:\/\/www.kcsarc.org\/vi\/wp-json\/wp\/v2\/pages\/26\/revisions\/5542"}],"wp:attachment":[{"href":"https:\/\/www.kcsarc.org\/vi\/wp-json\/wp\/v2\/media?parent=26"}],"curies":[{"name":"trang web","href":"https:\/\/api.w.org\/{rel}","templated":true}]}}