{"id":198,"date":"2021-04-20T13:49:41","date_gmt":"2021-04-20T20:49:41","guid":{"rendered":"https:\/\/kcsarc.org\/?page_id=198"},"modified":"2025-08-04T15:12:37","modified_gmt":"2025-08-04T22:12:37","slug":"legal-advocacy","status":"publish","type":"page","link":"https:\/\/www.kcsarc.org\/vi\/services\/legal-advocacy\/","title":{"rendered":"V\u1eadn \u0111\u1ed9ng ph\u00e1p l\u00fd"},"content":{"rendered":"","protected":false},"excerpt":{"rendered":"","protected":false},"author":2,"featured_media":0,"parent":11,"menu_order":0,"comment_status":"closed","ping_status":"closed","template":"","meta":{"_acf_changed":false,"footnotes":""},"class_list":["post-198","page","type-page","status-publish","hentry"],"acf":[],"yoast_head":"<!-- This site is optimized with the Yoast SEO plugin v27.5 - https:\/\/yoast.com\/product\/yoast-seo-wordpress\/ -->\n<title>Legal Advocacy for Sexual Assault Victims | KCSARC<\/title>\n<meta name=\"description\" content=\"If you&#039;re a sexual assault victim, you don\u2019t need to navigate the legal system alone. KCSARC can help in both English and Spanish.\" \/>\n<meta name=\"robots\" content=\"index, follow, max-snippet:-1, max-image-preview:large, max-video-preview:-1\" \/>\n<link rel=\"canonical\" href=\"https:\/\/www.kcsarc.org\/vi\/services\/legal-advocacy\/\" \/>\n<meta property=\"og:locale\" content=\"vi_VN\" \/>\n<meta property=\"og:type\" content=\"article\" \/>\n<meta property=\"og:title\" content=\"Legal Advocacy for Sexual Assault Victims | KCSARC\" \/>\n<meta property=\"og:description\" content=\"If you&#039;re a sexual assault victim, you don\u2019t need to navigate the legal system alone. KCSARC can help in both English and Spanish.\" \/>\n<meta property=\"og:url\" content=\"https:\/\/www.kcsarc.org\/vi\/services\/legal-advocacy\/\" \/>\n<meta property=\"og:site_name\" content=\"KCSARC\" \/>\n<meta property=\"article:modified_time\" content=\"2025-08-04T22:12:37+00:00\" \/>\n<meta property=\"og:image\" content=\"https:\/\/www.kcsarc.org\/wp-content\/uploads\/2024\/06\/logo-kcsarc.jpg\" \/>\n\t<meta property=\"og:image:width\" content=\"1200\" \/>\n\t<meta property=\"og:image:height\" content=\"675\" \/>\n\t<meta property=\"og:image:type\" content=\"image\/jpeg\" \/>\n<meta name=\"twitter:card\" content=\"summary_large_image\" \/>\n<script type=\"application\/ld+json\" class=\"yoast-schema-graph\">{\"@context\":\"https:\\\/\\\/schema.org\",\"@graph\":[{\"@type\":\"WebPage\",\"@id\":\"https:\\\/\\\/www.kcsarc.org\\\/services\\\/legal-advocacy\\\/\",\"url\":\"https:\\\/\\\/www.kcsarc.org\\\/services\\\/legal-advocacy\\\/\",\"name\":\"Legal Advocacy for Sexual Assault Victims | KCSARC\",\"isPartOf\":{\"@id\":\"https:\\\/\\\/www.kcsarc.org\\\/en\\\/#website\"},\"datePublished\":\"2021-04-20T20:49:41+00:00\",\"dateModified\":\"2025-08-04T22:12:37+00:00\",\"description\":\"If you're a sexual assault victim, you don\u2019t need to navigate the legal system alone. KCSARC can help in both English and Spanish.\",\"breadcrumb\":{\"@id\":\"https:\\\/\\\/www.kcsarc.org\\\/services\\\/legal-advocacy\\\/#breadcrumb\"},\"inLanguage\":\"vi\",\"potentialAction\":[{\"@type\":\"ReadAction\",\"target\":[\"https:\\\/\\\/www.kcsarc.org\\\/services\\\/legal-advocacy\\\/\"]}]},{\"@type\":\"BreadcrumbList\",\"@id\":\"https:\\\/\\\/www.kcsarc.org\\\/services\\\/legal-advocacy\\\/#breadcrumb\",\"itemListElement\":[{\"@type\":\"ListItem\",\"position\":1,\"name\":\"Home\",\"item\":\"https:\\\/\\\/www.kcsarc.org\\\/\"},{\"@type\":\"ListItem\",\"position\":2,\"name\":\"Services\",\"item\":\"https:\\\/\\\/www.kcsarc.org\\\/en\\\/services\\\/\"},{\"@type\":\"ListItem\",\"position\":3,\"name\":\"Legal Advocacy\"}]},{\"@type\":\"WebSite\",\"@id\":\"https:\\\/\\\/www.kcsarc.org\\\/en\\\/#website\",\"url\":\"https:\\\/\\\/www.kcsarc.org\\\/en\\\/\",\"name\":\"KCSARC\",\"description\":\"The King County Sexual Assault Resource Center\u2019s mission is to give voice to victims, their families, and communities; create change in beliefs, attitudes, and behaviors about sexual violence; and instill courage for people to speak out about sexual assault.\",\"potentialAction\":[{\"@type\":\"SearchAction\",\"target\":{\"@type\":\"EntryPoint\",\"urlTemplate\":\"https:\\\/\\\/www.kcsarc.org\\\/en\\\/?s={search_term_string}\"},\"query-input\":{\"@type\":\"PropertyValueSpecification\",\"valueRequired\":true,\"valueName\":\"search_term_string\"}}],\"inLanguage\":\"vi\"}]}<\/script>\n<!-- \/ Yoast SEO plugin. -->","yoast_head_json":{"title":"Bi\u1ec7n h\u1ed9 ph\u00e1p l\u00fd cho c\u00e1c n\u1ea1n nh\u00e2n b\u1ecb t\u1ea5n c\u00f4ng t\u00ecnh d\u1ee5c | KCSARC","description":"N\u1ebfu b\u1ea1n l\u00e0 n\u1ea1n nh\u00e2n b\u1ecb t\u1ea5n c\u00f4ng t\u00ecnh d\u1ee5c, b\u1ea1n kh\u00f4ng c\u1ea7n ph\u1ea3i m\u1ed9t m\u00ecnh \u0111i\u1ec1u h\u01b0\u1edbng h\u1ec7 th\u1ed1ng ph\u00e1p lu\u1eadt. KCSARC c\u00f3 th\u1ec3 tr\u1ee3 gi\u00fap b\u1eb1ng c\u1ea3 ti\u1ebfng Anh v\u00e0 ti\u1ebfng T\u00e2y Ban Nha.","robots":{"index":"index","follow":"follow","max-snippet":"max-snippet:-1","max-image-preview":"max-image-preview:large","max-video-preview":"max-video-preview:-1"},"canonical":"https:\/\/www.kcsarc.org\/vi\/services\/legal-advocacy\/","og_locale":"vi_VN","og_type":"article","og_title":"Legal Advocacy for Sexual Assault Victims | KCSARC","og_description":"If you're a sexual assault victim, you don\u2019t need to navigate the legal system alone. KCSARC can help in both English and Spanish.","og_url":"https:\/\/www.kcsarc.org\/vi\/services\/legal-advocacy\/","og_site_name":"KCSARC","article_modified_time":"2025-08-04T22:12:37+00:00","og_image":[{"width":1200,"height":675,"url":"https:\/\/www.kcsarc.org\/wp-content\/uploads\/2024\/06\/logo-kcsarc.jpg","type":"image\/jpeg"}],"twitter_card":"summary_large_image","schema":{"@context":"https:\/\/schema.org","@graph":[{"@type":"WebPage","@id":"https:\/\/www.kcsarc.org\/services\/legal-advocacy\/","url":"https:\/\/www.kcsarc.org\/services\/legal-advocacy\/","name":"Bi\u1ec7n h\u1ed9 ph\u00e1p l\u00fd cho c\u00e1c n\u1ea1n nh\u00e2n b\u1ecb t\u1ea5n c\u00f4ng t\u00ecnh d\u1ee5c | KCSARC","isPartOf":{"@id":"https:\/\/www.kcsarc.org\/en\/#website"},"datePublished":"2021-04-20T20:49:41+00:00","dateModified":"2025-08-04T22:12:37+00:00","description":"N\u1ebfu b\u1ea1n l\u00e0 n\u1ea1n nh\u00e2n b\u1ecb t\u1ea5n c\u00f4ng t\u00ecnh d\u1ee5c, b\u1ea1n kh\u00f4ng c\u1ea7n ph\u1ea3i m\u1ed9t m\u00ecnh \u0111i\u1ec1u h\u01b0\u1edbng h\u1ec7 th\u1ed1ng ph\u00e1p lu\u1eadt. KCSARC c\u00f3 th\u1ec3 tr\u1ee3 gi\u00fap b\u1eb1ng c\u1ea3 ti\u1ebfng Anh v\u00e0 ti\u1ebfng T\u00e2y Ban Nha.","breadcrumb":{"@id":"https:\/\/www.kcsarc.org\/services\/legal-advocacy\/#breadcrumb"},"inLanguage":"vi","potentialAction":[{"@type":"ReadAction","target":["https:\/\/www.kcsarc.org\/services\/legal-advocacy\/"]}]},{"@type":"BreadcrumbList","@id":"https:\/\/www.kcsarc.org\/services\/legal-advocacy\/#breadcrumb","itemListElement":[{"@type":"ListItem","position":1,"name":"Home","item":"https:\/\/www.kcsarc.org\/"},{"@type":"ListItem","position":2,"name":"Services","item":"https:\/\/www.kcsarc.org\/en\/services\/"},{"@type":"ListItem","position":3,"name":"Legal Advocacy"}]},{"@type":"WebSite","@id":"https:\/\/www.kcsarc.org\/en\/#website","url":"https:\/\/www.kcsarc.org\/en\/","name":"KCSARC","description":"Nhi\u1ec7m v\u1ee5 c\u1ee7a Trung t\u00e2m T\u00e0i nguy\u00ean T\u1ea5n c\u00f4ng T\u00ecnh d\u1ee5c Qu\u1eadn King l\u00e0 l\u00ean ti\u1ebfng cho c\u00e1c n\u1ea1n nh\u00e2n, gia \u0111\u00ecnh h\u1ecd v\u00e0 c\u1ed9ng \u0111\u1ed3ng; t\u1ea1o s\u1ef1 thay \u0111\u1ed5i ni\u1ec1m tin, th\u00e1i \u0111\u1ed9, h\u00e0nh vi v\u1ec1 b\u1ea1o l\u1ef1c t\u00ecnh d\u1ee5c; v\u00e0 truy\u1ec1n cho m\u1ecdi ng\u01b0\u1eddi d\u0169ng kh\u00ed l\u00ean ti\u1ebfng v\u1ec1 t\u1ea5n c\u00f4ng t\u00ecnh d\u1ee5c.","potentialAction":[{"@type":"SearchAction","target":{"@type":"EntryPoint","urlTemplate":"https:\/\/www.kcsarc.org\/en\/?s={search_term_string}"},"query-input":{"@type":"PropertyValueSpecification","valueRequired":true,"valueName":"search_term_string"}}],"inLanguage":"vi"}]}},"_links":{"self":[{"href":"https:\/\/www.kcsarc.org\/vi\/wp-json\/wp\/v2\/pages\/198","targetHints":{"allow":["GET"]}}],"collection":[{"href":"https:\/\/www.kcsarc.org\/vi\/wp-json\/wp\/v2\/pages"}],"about":[{"href":"https:\/\/www.kcsarc.org\/vi\/wp-json\/wp\/v2\/types\/page"}],"author":[{"embeddable":true,"href":"https:\/\/www.kcsarc.org\/vi\/wp-json\/wp\/v2\/users\/2"}],"replies":[{"embeddable":true,"href":"https:\/\/www.kcsarc.org\/vi\/wp-json\/wp\/v2\/comments?post=198"}],"version-history":[{"count":11,"href":"https:\/\/www.kcsarc.org\/vi\/wp-json\/wp\/v2\/pages\/198\/revisions"}],"predecessor-version":[{"id":7254,"href":"https:\/\/www.kcsarc.org\/vi\/wp-json\/wp\/v2\/pages\/198\/revisions\/7254"}],"up":[{"embeddable":true,"href":"https:\/\/www.kcsarc.org\/vi\/wp-json\/wp\/v2\/pages\/11"}],"wp:attachment":[{"href":"https:\/\/www.kcsarc.org\/vi\/wp-json\/wp\/v2\/media?parent=198"}],"curies":[{"name":"trang web","href":"https:\/\/api.w.org\/{rel}","templated":true}]}}