{"id":191,"date":"2021-04-20T13:49:08","date_gmt":"2021-04-20T20:49:08","guid":{"rendered":"https:\/\/kcsarc.org\/?page_id=191"},"modified":"2023-02-15T14:21:53","modified_gmt":"2023-02-15T22:21:53","slug":"therapy","status":"publish","type":"page","link":"https:\/\/www.kcsarc.org\/vi\/services\/therapy\/","title":{"rendered":"Tr\u1ecb li\u1ec7u"},"content":{"rendered":"","protected":false},"excerpt":{"rendered":"","protected":false},"author":2,"featured_media":0,"parent":11,"menu_order":0,"comment_status":"closed","ping_status":"closed","template":"","meta":{"_acf_changed":false,"footnotes":""},"class_list":["post-191","page","type-page","status-publish","hentry"],"acf":[],"yoast_head":"<!-- This site is optimized with the Yoast SEO plugin v27.5 - https:\/\/yoast.com\/product\/yoast-seo-wordpress\/ -->\n<title>Sexual Assault Therapy | KCSARC<\/title>\n<meta name=\"description\" content=\"KCSARC provides trauma-specific, evidence-based sexual assault therapy to help victims heal. Cost is never a barrier. Learn more.\" \/>\n<meta name=\"robots\" content=\"index, follow, max-snippet:-1, max-image-preview:large, max-video-preview:-1\" \/>\n<link rel=\"canonical\" href=\"https:\/\/www.kcsarc.org\/vi\/services\/therapy\/\" \/>\n<meta property=\"og:locale\" content=\"vi_VN\" \/>\n<meta property=\"og:type\" content=\"article\" \/>\n<meta property=\"og:title\" content=\"Sexual Assault Therapy | KCSARC\" \/>\n<meta property=\"og:description\" content=\"KCSARC provides trauma-specific, evidence-based sexual assault therapy to help victims heal. Cost is never a barrier. Learn more.\" \/>\n<meta property=\"og:url\" content=\"https:\/\/www.kcsarc.org\/vi\/services\/therapy\/\" \/>\n<meta property=\"og:site_name\" content=\"KCSARC\" \/>\n<meta property=\"article:modified_time\" content=\"2023-02-15T22:21:53+00:00\" \/>\n<meta property=\"og:image\" content=\"https:\/\/www.kcsarc.org\/wp-content\/uploads\/2024\/06\/logo-kcsarc.jpg\" \/>\n\t<meta property=\"og:image:width\" content=\"1200\" \/>\n\t<meta property=\"og:image:height\" content=\"675\" \/>\n\t<meta property=\"og:image:type\" content=\"image\/jpeg\" \/>\n<meta name=\"twitter:card\" content=\"summary_large_image\" \/>\n<script type=\"application\/ld+json\" class=\"yoast-schema-graph\">{\"@context\":\"https:\\\/\\\/schema.org\",\"@graph\":[{\"@type\":\"WebPage\",\"@id\":\"https:\\\/\\\/www.kcsarc.org\\\/services\\\/therapy\\\/\",\"url\":\"https:\\\/\\\/www.kcsarc.org\\\/services\\\/therapy\\\/\",\"name\":\"Sexual Assault Therapy | KCSARC\",\"isPartOf\":{\"@id\":\"https:\\\/\\\/www.kcsarc.org\\\/en\\\/#website\"},\"datePublished\":\"2021-04-20T20:49:08+00:00\",\"dateModified\":\"2023-02-15T22:21:53+00:00\",\"description\":\"KCSARC provides trauma-specific, evidence-based sexual assault therapy to help victims heal. Cost is never a barrier. Learn more.\",\"breadcrumb\":{\"@id\":\"https:\\\/\\\/www.kcsarc.org\\\/services\\\/therapy\\\/#breadcrumb\"},\"inLanguage\":\"vi\",\"potentialAction\":[{\"@type\":\"ReadAction\",\"target\":[\"https:\\\/\\\/www.kcsarc.org\\\/services\\\/therapy\\\/\"]}]},{\"@type\":\"BreadcrumbList\",\"@id\":\"https:\\\/\\\/www.kcsarc.org\\\/services\\\/therapy\\\/#breadcrumb\",\"itemListElement\":[{\"@type\":\"ListItem\",\"position\":1,\"name\":\"Home\",\"item\":\"https:\\\/\\\/www.kcsarc.org\\\/\"},{\"@type\":\"ListItem\",\"position\":2,\"name\":\"Services\",\"item\":\"https:\\\/\\\/www.kcsarc.org\\\/en\\\/services\\\/\"},{\"@type\":\"ListItem\",\"position\":3,\"name\":\"Therapy\"}]},{\"@type\":\"WebSite\",\"@id\":\"https:\\\/\\\/www.kcsarc.org\\\/en\\\/#website\",\"url\":\"https:\\\/\\\/www.kcsarc.org\\\/en\\\/\",\"name\":\"KCSARC\",\"description\":\"The King County Sexual Assault Resource Center\u2019s mission is to give voice to victims, their families, and communities; create change in beliefs, attitudes, and behaviors about sexual violence; and instill courage for people to speak out about sexual assault.\",\"potentialAction\":[{\"@type\":\"SearchAction\",\"target\":{\"@type\":\"EntryPoint\",\"urlTemplate\":\"https:\\\/\\\/www.kcsarc.org\\\/en\\\/?s={search_term_string}\"},\"query-input\":{\"@type\":\"PropertyValueSpecification\",\"valueRequired\":true,\"valueName\":\"search_term_string\"}}],\"inLanguage\":\"vi\"}]}<\/script>\n<!-- \/ Yoast SEO plugin. -->","yoast_head_json":{"title":"Li\u1ec7u ph\u00e1p t\u1ea5n c\u00f4ng t\u00ecnh d\u1ee5c | KCSARC","description":"KCSARC cung c\u1ea5p li\u1ec7u ph\u00e1p t\u1ea5n c\u00f4ng t\u00ecnh d\u1ee5c d\u1ef1a tr\u00ean b\u1eb1ng ch\u1ee9ng, c\u1ee5 th\u1ec3 v\u1ec1 ch\u1ea5n th\u01b0\u01a1ng \u0111\u1ec3 gi\u00fap n\u1ea1n nh\u00e2n ch\u1eefa l\u00e0nh. Chi ph\u00ed kh\u00f4ng bao gi\u1edd l\u00e0 m\u1ed9t r\u00e0o c\u1ea3n. T\u00ecm hi\u1ec3u th\u00eam.","robots":{"index":"index","follow":"follow","max-snippet":"max-snippet:-1","max-image-preview":"max-image-preview:large","max-video-preview":"max-video-preview:-1"},"canonical":"https:\/\/www.kcsarc.org\/vi\/services\/therapy\/","og_locale":"vi_VN","og_type":"article","og_title":"Sexual Assault Therapy | KCSARC","og_description":"KCSARC provides trauma-specific, evidence-based sexual assault therapy to help victims heal. Cost is never a barrier. Learn more.","og_url":"https:\/\/www.kcsarc.org\/vi\/services\/therapy\/","og_site_name":"KCSARC","article_modified_time":"2023-02-15T22:21:53+00:00","og_image":[{"width":1200,"height":675,"url":"https:\/\/www.kcsarc.org\/wp-content\/uploads\/2024\/06\/logo-kcsarc.jpg","type":"image\/jpeg"}],"twitter_card":"summary_large_image","schema":{"@context":"https:\/\/schema.org","@graph":[{"@type":"WebPage","@id":"https:\/\/www.kcsarc.org\/services\/therapy\/","url":"https:\/\/www.kcsarc.org\/services\/therapy\/","name":"Li\u1ec7u ph\u00e1p t\u1ea5n c\u00f4ng t\u00ecnh d\u1ee5c | KCSARC","isPartOf":{"@id":"https:\/\/www.kcsarc.org\/en\/#website"},"datePublished":"2021-04-20T20:49:08+00:00","dateModified":"2023-02-15T22:21:53+00:00","description":"KCSARC cung c\u1ea5p li\u1ec7u ph\u00e1p t\u1ea5n c\u00f4ng t\u00ecnh d\u1ee5c d\u1ef1a tr\u00ean b\u1eb1ng ch\u1ee9ng, c\u1ee5 th\u1ec3 v\u1ec1 ch\u1ea5n th\u01b0\u01a1ng \u0111\u1ec3 gi\u00fap n\u1ea1n nh\u00e2n ch\u1eefa l\u00e0nh. Chi ph\u00ed kh\u00f4ng bao gi\u1edd l\u00e0 m\u1ed9t r\u00e0o c\u1ea3n. T\u00ecm hi\u1ec3u th\u00eam.","breadcrumb":{"@id":"https:\/\/www.kcsarc.org\/services\/therapy\/#breadcrumb"},"inLanguage":"vi","potentialAction":[{"@type":"ReadAction","target":["https:\/\/www.kcsarc.org\/services\/therapy\/"]}]},{"@type":"BreadcrumbList","@id":"https:\/\/www.kcsarc.org\/services\/therapy\/#breadcrumb","itemListElement":[{"@type":"ListItem","position":1,"name":"Home","item":"https:\/\/www.kcsarc.org\/"},{"@type":"ListItem","position":2,"name":"Services","item":"https:\/\/www.kcsarc.org\/en\/services\/"},{"@type":"ListItem","position":3,"name":"Therapy"}]},{"@type":"WebSite","@id":"https:\/\/www.kcsarc.org\/en\/#website","url":"https:\/\/www.kcsarc.org\/en\/","name":"KCSARC","description":"Nhi\u1ec7m v\u1ee5 c\u1ee7a Trung t\u00e2m T\u00e0i nguy\u00ean T\u1ea5n c\u00f4ng T\u00ecnh d\u1ee5c Qu\u1eadn King l\u00e0 l\u00ean ti\u1ebfng cho c\u00e1c n\u1ea1n nh\u00e2n, gia \u0111\u00ecnh h\u1ecd v\u00e0 c\u1ed9ng \u0111\u1ed3ng; t\u1ea1o s\u1ef1 thay \u0111\u1ed5i ni\u1ec1m tin, th\u00e1i \u0111\u1ed9, h\u00e0nh vi v\u1ec1 b\u1ea1o l\u1ef1c t\u00ecnh d\u1ee5c; v\u00e0 truy\u1ec1n cho m\u1ecdi ng\u01b0\u1eddi d\u0169ng kh\u00ed l\u00ean ti\u1ebfng v\u1ec1 t\u1ea5n c\u00f4ng t\u00ecnh d\u1ee5c.","potentialAction":[{"@type":"SearchAction","target":{"@type":"EntryPoint","urlTemplate":"https:\/\/www.kcsarc.org\/en\/?s={search_term_string}"},"query-input":{"@type":"PropertyValueSpecification","valueRequired":true,"valueName":"search_term_string"}}],"inLanguage":"vi"}]}},"_links":{"self":[{"href":"https:\/\/www.kcsarc.org\/vi\/wp-json\/wp\/v2\/pages\/191","targetHints":{"allow":["GET"]}}],"collection":[{"href":"https:\/\/www.kcsarc.org\/vi\/wp-json\/wp\/v2\/pages"}],"about":[{"href":"https:\/\/www.kcsarc.org\/vi\/wp-json\/wp\/v2\/types\/page"}],"author":[{"embeddable":true,"href":"https:\/\/www.kcsarc.org\/vi\/wp-json\/wp\/v2\/users\/2"}],"replies":[{"embeddable":true,"href":"https:\/\/www.kcsarc.org\/vi\/wp-json\/wp\/v2\/comments?post=191"}],"version-history":[{"count":10,"href":"https:\/\/www.kcsarc.org\/vi\/wp-json\/wp\/v2\/pages\/191\/revisions"}],"predecessor-version":[{"id":4967,"href":"https:\/\/www.kcsarc.org\/vi\/wp-json\/wp\/v2\/pages\/191\/revisions\/4967"}],"up":[{"embeddable":true,"href":"https:\/\/www.kcsarc.org\/vi\/wp-json\/wp\/v2\/pages\/11"}],"wp:attachment":[{"href":"https:\/\/www.kcsarc.org\/vi\/wp-json\/wp\/v2\/media?parent=191"}],"curies":[{"name":"trang web","href":"https:\/\/api.w.org\/{rel}","templated":true}]}}