{"id":178,"date":"2021-04-20T13:47:28","date_gmt":"2021-04-20T20:47:28","guid":{"rendered":"https:\/\/kcsarc.org\/?page_id=178"},"modified":"2023-04-22T09:46:16","modified_gmt":"2023-04-22T16:46:16","slug":"for-educators","status":"publish","type":"page","link":"https:\/\/www.kcsarc.org\/vi\/prevention-education\/for-educators\/","title":{"rendered":"D\u00e0nh cho c\u00e1c nh\u00e0 gi\u00e1o d\u1ee5c"},"content":{"rendered":"","protected":false},"excerpt":{"rendered":"","protected":false},"author":2,"featured_media":0,"parent":13,"menu_order":0,"comment_status":"closed","ping_status":"closed","template":"","meta":{"_acf_changed":false,"footnotes":""},"class_list":["post-178","page","type-page","status-publish","hentry"],"acf":[],"yoast_head":"<!-- This site is optimized with the Yoast SEO plugin v27.5 - https:\/\/yoast.com\/product\/yoast-seo-wordpress\/ -->\n<title>Sexual Assault Training for Educators | KCSARC<\/title>\n<meta name=\"description\" content=\"The King County Sexual Assault Resource Center (KCSARC) provides consultation and training to educators within King County. Learn more.\" \/>\n<meta name=\"robots\" content=\"index, follow, max-snippet:-1, max-image-preview:large, max-video-preview:-1\" \/>\n<link rel=\"canonical\" href=\"https:\/\/www.kcsarc.org\/vi\/prevention-education\/for-educators\/\" \/>\n<meta property=\"og:locale\" content=\"vi_VN\" \/>\n<meta property=\"og:type\" content=\"article\" \/>\n<meta property=\"og:title\" content=\"Sexual Assault Training for Educators | KCSARC\" \/>\n<meta property=\"og:description\" content=\"The King County Sexual Assault Resource Center (KCSARC) provides consultation and training to educators within King County. Learn more.\" \/>\n<meta property=\"og:url\" content=\"https:\/\/www.kcsarc.org\/vi\/prevention-education\/for-educators\/\" \/>\n<meta property=\"og:site_name\" content=\"KCSARC\" \/>\n<meta property=\"article:modified_time\" content=\"2023-04-22T16:46:16+00:00\" \/>\n<meta property=\"og:image\" content=\"https:\/\/www.kcsarc.org\/wp-content\/uploads\/2024\/06\/logo-kcsarc.jpg\" \/>\n\t<meta property=\"og:image:width\" content=\"1200\" \/>\n\t<meta property=\"og:image:height\" content=\"675\" \/>\n\t<meta property=\"og:image:type\" content=\"image\/jpeg\" \/>\n<meta name=\"twitter:card\" content=\"summary_large_image\" \/>\n<script type=\"application\/ld+json\" class=\"yoast-schema-graph\">{\"@context\":\"https:\\\/\\\/schema.org\",\"@graph\":[{\"@type\":\"WebPage\",\"@id\":\"https:\\\/\\\/www.kcsarc.org\\\/prevention-education\\\/for-educators\\\/\",\"url\":\"https:\\\/\\\/www.kcsarc.org\\\/prevention-education\\\/for-educators\\\/\",\"name\":\"Sexual Assault Training for Educators | KCSARC\",\"isPartOf\":{\"@id\":\"https:\\\/\\\/www.kcsarc.org\\\/en\\\/#website\"},\"datePublished\":\"2021-04-20T20:47:28+00:00\",\"dateModified\":\"2023-04-22T16:46:16+00:00\",\"description\":\"The King County Sexual Assault Resource Center (KCSARC) provides consultation and training to educators within King County. Learn more.\",\"breadcrumb\":{\"@id\":\"https:\\\/\\\/www.kcsarc.org\\\/prevention-education\\\/for-educators\\\/#breadcrumb\"},\"inLanguage\":\"vi\",\"potentialAction\":[{\"@type\":\"ReadAction\",\"target\":[\"https:\\\/\\\/www.kcsarc.org\\\/prevention-education\\\/for-educators\\\/\"]}]},{\"@type\":\"BreadcrumbList\",\"@id\":\"https:\\\/\\\/www.kcsarc.org\\\/prevention-education\\\/for-educators\\\/#breadcrumb\",\"itemListElement\":[{\"@type\":\"ListItem\",\"position\":1,\"name\":\"Home\",\"item\":\"https:\\\/\\\/www.kcsarc.org\\\/\"},{\"@type\":\"ListItem\",\"position\":2,\"name\":\"Prevention &#038; Education\",\"item\":\"https:\\\/\\\/www.kcsarc.org\\\/prevention-education\\\/\"},{\"@type\":\"ListItem\",\"position\":3,\"name\":\"For Educators\"}]},{\"@type\":\"WebSite\",\"@id\":\"https:\\\/\\\/www.kcsarc.org\\\/en\\\/#website\",\"url\":\"https:\\\/\\\/www.kcsarc.org\\\/en\\\/\",\"name\":\"KCSARC\",\"description\":\"The King County Sexual Assault Resource Center\u2019s mission is to give voice to victims, their families, and communities; create change in beliefs, attitudes, and behaviors about sexual violence; and instill courage for people to speak out about sexual assault.\",\"potentialAction\":[{\"@type\":\"SearchAction\",\"target\":{\"@type\":\"EntryPoint\",\"urlTemplate\":\"https:\\\/\\\/www.kcsarc.org\\\/en\\\/?s={search_term_string}\"},\"query-input\":{\"@type\":\"PropertyValueSpecification\",\"valueRequired\":true,\"valueName\":\"search_term_string\"}}],\"inLanguage\":\"vi\"}]}<\/script>\n<!-- \/ Yoast SEO plugin. -->","yoast_head_json":{"title":"Hu\u1ea5n luy\u1ec7n t\u1ea5n c\u00f4ng t\u00ecnh d\u1ee5c cho c\u00e1c nh\u00e0 gi\u00e1o d\u1ee5c | KCSARC","description":"Trung t\u00e2m T\u00e0i nguy\u00ean v\u1ec1 T\u1ea5n c\u00f4ng T\u00ecnh d\u1ee5c c\u1ee7a Qu\u1eadn King (KCSARC) cung c\u1ea5p t\u01b0 v\u1ea5n v\u00e0 \u0111\u00e0o t\u1ea1o cho c\u00e1c nh\u00e0 gi\u00e1o d\u1ee5c trong Qu\u1eadn King. T\u00ecm hi\u1ec3u th\u00eam.","robots":{"index":"index","follow":"follow","max-snippet":"max-snippet:-1","max-image-preview":"max-image-preview:large","max-video-preview":"max-video-preview:-1"},"canonical":"https:\/\/www.kcsarc.org\/vi\/prevention-education\/for-educators\/","og_locale":"vi_VN","og_type":"article","og_title":"Sexual Assault Training for Educators | KCSARC","og_description":"The King County Sexual Assault Resource Center (KCSARC) provides consultation and training to educators within King County. Learn more.","og_url":"https:\/\/www.kcsarc.org\/vi\/prevention-education\/for-educators\/","og_site_name":"KCSARC","article_modified_time":"2023-04-22T16:46:16+00:00","og_image":[{"width":1200,"height":675,"url":"https:\/\/www.kcsarc.org\/wp-content\/uploads\/2024\/06\/logo-kcsarc.jpg","type":"image\/jpeg"}],"twitter_card":"summary_large_image","schema":{"@context":"https:\/\/schema.org","@graph":[{"@type":"WebPage","@id":"https:\/\/www.kcsarc.org\/prevention-education\/for-educators\/","url":"https:\/\/www.kcsarc.org\/prevention-education\/for-educators\/","name":"Hu\u1ea5n luy\u1ec7n t\u1ea5n c\u00f4ng t\u00ecnh d\u1ee5c cho c\u00e1c nh\u00e0 gi\u00e1o d\u1ee5c | KCSARC","isPartOf":{"@id":"https:\/\/www.kcsarc.org\/en\/#website"},"datePublished":"2021-04-20T20:47:28+00:00","dateModified":"2023-04-22T16:46:16+00:00","description":"Trung t\u00e2m T\u00e0i nguy\u00ean v\u1ec1 T\u1ea5n c\u00f4ng T\u00ecnh d\u1ee5c c\u1ee7a Qu\u1eadn King (KCSARC) cung c\u1ea5p t\u01b0 v\u1ea5n v\u00e0 \u0111\u00e0o t\u1ea1o cho c\u00e1c nh\u00e0 gi\u00e1o d\u1ee5c trong Qu\u1eadn King. T\u00ecm hi\u1ec3u th\u00eam.","breadcrumb":{"@id":"https:\/\/www.kcsarc.org\/prevention-education\/for-educators\/#breadcrumb"},"inLanguage":"vi","potentialAction":[{"@type":"ReadAction","target":["https:\/\/www.kcsarc.org\/prevention-education\/for-educators\/"]}]},{"@type":"BreadcrumbList","@id":"https:\/\/www.kcsarc.org\/prevention-education\/for-educators\/#breadcrumb","itemListElement":[{"@type":"ListItem","position":1,"name":"Home","item":"https:\/\/www.kcsarc.org\/"},{"@type":"ListItem","position":2,"name":"Prevention &#038; Education","item":"https:\/\/www.kcsarc.org\/prevention-education\/"},{"@type":"ListItem","position":3,"name":"For Educators"}]},{"@type":"WebSite","@id":"https:\/\/www.kcsarc.org\/en\/#website","url":"https:\/\/www.kcsarc.org\/en\/","name":"KCSARC","description":"Nhi\u1ec7m v\u1ee5 c\u1ee7a Trung t\u00e2m T\u00e0i nguy\u00ean T\u1ea5n c\u00f4ng T\u00ecnh d\u1ee5c Qu\u1eadn King l\u00e0 l\u00ean ti\u1ebfng cho c\u00e1c n\u1ea1n nh\u00e2n, gia \u0111\u00ecnh h\u1ecd v\u00e0 c\u1ed9ng \u0111\u1ed3ng; t\u1ea1o s\u1ef1 thay \u0111\u1ed5i ni\u1ec1m tin, th\u00e1i \u0111\u1ed9, h\u00e0nh vi v\u1ec1 b\u1ea1o l\u1ef1c t\u00ecnh d\u1ee5c; v\u00e0 truy\u1ec1n cho m\u1ecdi ng\u01b0\u1eddi d\u0169ng kh\u00ed l\u00ean ti\u1ebfng v\u1ec1 t\u1ea5n c\u00f4ng t\u00ecnh d\u1ee5c.","potentialAction":[{"@type":"SearchAction","target":{"@type":"EntryPoint","urlTemplate":"https:\/\/www.kcsarc.org\/en\/?s={search_term_string}"},"query-input":{"@type":"PropertyValueSpecification","valueRequired":true,"valueName":"search_term_string"}}],"inLanguage":"vi"}]}},"_links":{"self":[{"href":"https:\/\/www.kcsarc.org\/vi\/wp-json\/wp\/v2\/pages\/178","targetHints":{"allow":["GET"]}}],"collection":[{"href":"https:\/\/www.kcsarc.org\/vi\/wp-json\/wp\/v2\/pages"}],"about":[{"href":"https:\/\/www.kcsarc.org\/vi\/wp-json\/wp\/v2\/types\/page"}],"author":[{"embeddable":true,"href":"https:\/\/www.kcsarc.org\/vi\/wp-json\/wp\/v2\/users\/2"}],"replies":[{"embeddable":true,"href":"https:\/\/www.kcsarc.org\/vi\/wp-json\/wp\/v2\/comments?post=178"}],"version-history":[{"count":10,"href":"https:\/\/www.kcsarc.org\/vi\/wp-json\/wp\/v2\/pages\/178\/revisions"}],"predecessor-version":[{"id":5076,"href":"https:\/\/www.kcsarc.org\/vi\/wp-json\/wp\/v2\/pages\/178\/revisions\/5076"}],"up":[{"embeddable":true,"href":"https:\/\/www.kcsarc.org\/vi\/wp-json\/wp\/v2\/pages\/13"}],"wp:attachment":[{"href":"https:\/\/www.kcsarc.org\/vi\/wp-json\/wp\/v2\/media?parent=178"}],"curies":[{"name":"trang web","href":"https:\/\/api.w.org\/{rel}","templated":true}]}}