{"id":172,"date":"2021-04-20T13:46:37","date_gmt":"2021-04-20T20:46:37","guid":{"rendered":"https:\/\/kcsarc.org\/?page_id=172"},"modified":"2021-08-19T13:00:09","modified_gmt":"2021-08-19T20:00:09","slug":"resource-library","status":"publish","type":"page","link":"https:\/\/www.kcsarc.org\/vi\/resources\/resource-library\/","title":{"rendered":"Th\u01b0 vi\u1ec7n t\u00e0i nguy\u00ean"},"content":{"rendered":"","protected":false},"excerpt":{"rendered":"","protected":false},"author":2,"featured_media":0,"parent":15,"menu_order":0,"comment_status":"closed","ping_status":"closed","template":"templates\/resources.php","meta":{"_acf_changed":false,"footnotes":""},"class_list":["post-172","page","type-page","status-publish","hentry"],"acf":[],"yoast_head":"<!-- This site is optimized with the Yoast SEO plugin v27.5 - https:\/\/yoast.com\/product\/yoast-seo-wordpress\/ -->\n<title>Sexual Assault Resources | KCSARC<\/title>\n<meta name=\"description\" content=\"Search KCSARC&#039;s curated collection of sexual assault resources for survivors, parents, friends and allies, young people and more.\" \/>\n<meta name=\"robots\" content=\"index, follow, max-snippet:-1, max-image-preview:large, max-video-preview:-1\" \/>\n<link rel=\"canonical\" href=\"https:\/\/www.kcsarc.org\/vi\/resources\/resource-library\/\" \/>\n<meta property=\"og:locale\" content=\"vi_VN\" \/>\n<meta property=\"og:type\" content=\"article\" \/>\n<meta property=\"og:title\" content=\"Sexual Assault Resources | KCSARC\" \/>\n<meta property=\"og:description\" content=\"Search KCSARC&#039;s curated collection of sexual assault resources for survivors, parents, friends and allies, young people and more.\" \/>\n<meta property=\"og:url\" content=\"https:\/\/www.kcsarc.org\/vi\/resources\/resource-library\/\" \/>\n<meta property=\"og:site_name\" content=\"KCSARC\" \/>\n<meta property=\"article:modified_time\" content=\"2021-08-19T20:00:09+00:00\" \/>\n<meta property=\"og:image\" content=\"https:\/\/www.kcsarc.org\/wp-content\/uploads\/2024\/06\/logo-kcsarc.jpg\" \/>\n\t<meta property=\"og:image:width\" content=\"1200\" \/>\n\t<meta property=\"og:image:height\" content=\"675\" \/>\n\t<meta property=\"og:image:type\" content=\"image\/jpeg\" \/>\n<meta name=\"twitter:card\" content=\"summary_large_image\" \/>\n<script type=\"application\/ld+json\" class=\"yoast-schema-graph\">{\"@context\":\"https:\\\/\\\/schema.org\",\"@graph\":[{\"@type\":\"WebPage\",\"@id\":\"https:\\\/\\\/www.kcsarc.org\\\/en\\\/resources\\\/resource-library\\\/\",\"url\":\"https:\\\/\\\/www.kcsarc.org\\\/en\\\/resources\\\/resource-library\\\/\",\"name\":\"Sexual Assault Resources | KCSARC\",\"isPartOf\":{\"@id\":\"https:\\\/\\\/www.kcsarc.org\\\/en\\\/#website\"},\"datePublished\":\"2021-04-20T20:46:37+00:00\",\"dateModified\":\"2021-08-19T20:00:09+00:00\",\"description\":\"Search KCSARC's curated collection of sexual assault resources for survivors, parents, friends and allies, young people and more.\",\"breadcrumb\":{\"@id\":\"https:\\\/\\\/www.kcsarc.org\\\/en\\\/resources\\\/resource-library\\\/#breadcrumb\"},\"inLanguage\":\"vi\",\"potentialAction\":[{\"@type\":\"ReadAction\",\"target\":[\"https:\\\/\\\/www.kcsarc.org\\\/en\\\/resources\\\/resource-library\\\/\"]}]},{\"@type\":\"BreadcrumbList\",\"@id\":\"https:\\\/\\\/www.kcsarc.org\\\/en\\\/resources\\\/resource-library\\\/#breadcrumb\",\"itemListElement\":[{\"@type\":\"ListItem\",\"position\":1,\"name\":\"Home\",\"item\":\"https:\\\/\\\/www.kcsarc.org\\\/\"},{\"@type\":\"ListItem\",\"position\":2,\"name\":\"Resources\",\"item\":\"https:\\\/\\\/www.kcsarc.org\\\/en\\\/resources\\\/\"},{\"@type\":\"ListItem\",\"position\":3,\"name\":\"false\"}]},{\"@type\":\"WebSite\",\"@id\":\"https:\\\/\\\/www.kcsarc.org\\\/en\\\/#website\",\"url\":\"https:\\\/\\\/www.kcsarc.org\\\/en\\\/\",\"name\":\"KCSARC\",\"description\":\"The King County Sexual Assault Resource Center\u2019s mission is to give voice to victims, their families, and communities; create change in beliefs, attitudes, and behaviors about sexual violence; and instill courage for people to speak out about sexual assault.\",\"potentialAction\":[{\"@type\":\"SearchAction\",\"target\":{\"@type\":\"EntryPoint\",\"urlTemplate\":\"https:\\\/\\\/www.kcsarc.org\\\/en\\\/?s={search_term_string}\"},\"query-input\":{\"@type\":\"PropertyValueSpecification\",\"valueRequired\":true,\"valueName\":\"search_term_string\"}}],\"inLanguage\":\"vi\"}]}<\/script>\n<!-- \/ Yoast SEO plugin. -->","yoast_head_json":{"title":"T\u00e0i nguy\u00ean t\u1ea5n c\u00f4ng t\u00ecnh d\u1ee5c | KCSARC","description":"T\u00ecm ki\u1ebfm b\u1ed9 s\u01b0u t\u1eadp t\u00e0i nguy\u00ean t\u1ea5n c\u00f4ng t\u00ecnh d\u1ee5c \u0111\u01b0\u1ee3c tuy\u1ec3n ch\u1ecdn c\u1ee7a KCSARC d\u00e0nh cho nh\u1eefng ng\u01b0\u1eddi s\u1ed1ng s\u00f3t, cha m\u1eb9, b\u1ea1n b\u00e8 v\u00e0 \u0111\u1ed3ng minh, nh\u1eefng ng\u01b0\u1eddi tr\u1ebb tu\u1ed5i, v.v.","robots":{"index":"index","follow":"follow","max-snippet":"max-snippet:-1","max-image-preview":"max-image-preview:large","max-video-preview":"max-video-preview:-1"},"canonical":"https:\/\/www.kcsarc.org\/vi\/resources\/resource-library\/","og_locale":"vi_VN","og_type":"article","og_title":"Sexual Assault Resources | KCSARC","og_description":"Search KCSARC's curated collection of sexual assault resources for survivors, parents, friends and allies, young people and more.","og_url":"https:\/\/www.kcsarc.org\/vi\/resources\/resource-library\/","og_site_name":"KCSARC","article_modified_time":"2021-08-19T20:00:09+00:00","og_image":[{"width":1200,"height":675,"url":"https:\/\/www.kcsarc.org\/wp-content\/uploads\/2024\/06\/logo-kcsarc.jpg","type":"image\/jpeg"}],"twitter_card":"summary_large_image","schema":{"@context":"https:\/\/schema.org","@graph":[{"@type":"WebPage","@id":"https:\/\/www.kcsarc.org\/en\/resources\/resource-library\/","url":"https:\/\/www.kcsarc.org\/en\/resources\/resource-library\/","name":"T\u00e0i nguy\u00ean t\u1ea5n c\u00f4ng t\u00ecnh d\u1ee5c | KCSARC","isPartOf":{"@id":"https:\/\/www.kcsarc.org\/en\/#website"},"datePublished":"2021-04-20T20:46:37+00:00","dateModified":"2021-08-19T20:00:09+00:00","description":"T\u00ecm ki\u1ebfm b\u1ed9 s\u01b0u t\u1eadp t\u00e0i nguy\u00ean t\u1ea5n c\u00f4ng t\u00ecnh d\u1ee5c \u0111\u01b0\u1ee3c tuy\u1ec3n ch\u1ecdn c\u1ee7a KCSARC d\u00e0nh cho nh\u1eefng ng\u01b0\u1eddi s\u1ed1ng s\u00f3t, cha m\u1eb9, b\u1ea1n b\u00e8 v\u00e0 \u0111\u1ed3ng minh, nh\u1eefng ng\u01b0\u1eddi tr\u1ebb tu\u1ed5i, v.v.","breadcrumb":{"@id":"https:\/\/www.kcsarc.org\/en\/resources\/resource-library\/#breadcrumb"},"inLanguage":"vi","potentialAction":[{"@type":"ReadAction","target":["https:\/\/www.kcsarc.org\/en\/resources\/resource-library\/"]}]},{"@type":"BreadcrumbList","@id":"https:\/\/www.kcsarc.org\/en\/resources\/resource-library\/#breadcrumb","itemListElement":[{"@type":"ListItem","position":1,"name":"Home","item":"https:\/\/www.kcsarc.org\/"},{"@type":"ListItem","position":2,"name":"Resources","item":"https:\/\/www.kcsarc.org\/en\/resources\/"},{"@type":"ListItem","position":3,"name":"false"}]},{"@type":"WebSite","@id":"https:\/\/www.kcsarc.org\/en\/#website","url":"https:\/\/www.kcsarc.org\/en\/","name":"KCSARC","description":"Nhi\u1ec7m v\u1ee5 c\u1ee7a Trung t\u00e2m T\u00e0i nguy\u00ean T\u1ea5n c\u00f4ng T\u00ecnh d\u1ee5c Qu\u1eadn King l\u00e0 l\u00ean ti\u1ebfng cho c\u00e1c n\u1ea1n nh\u00e2n, gia \u0111\u00ecnh h\u1ecd v\u00e0 c\u1ed9ng \u0111\u1ed3ng; t\u1ea1o s\u1ef1 thay \u0111\u1ed5i ni\u1ec1m tin, th\u00e1i \u0111\u1ed9, h\u00e0nh vi v\u1ec1 b\u1ea1o l\u1ef1c t\u00ecnh d\u1ee5c; v\u00e0 truy\u1ec1n cho m\u1ecdi ng\u01b0\u1eddi d\u0169ng kh\u00ed l\u00ean ti\u1ebfng v\u1ec1 t\u1ea5n c\u00f4ng t\u00ecnh d\u1ee5c.","potentialAction":[{"@type":"SearchAction","target":{"@type":"EntryPoint","urlTemplate":"https:\/\/www.kcsarc.org\/en\/?s={search_term_string}"},"query-input":{"@type":"PropertyValueSpecification","valueRequired":true,"valueName":"search_term_string"}}],"inLanguage":"vi"}]}},"_links":{"self":[{"href":"https:\/\/www.kcsarc.org\/vi\/wp-json\/wp\/v2\/pages\/172","targetHints":{"allow":["GET"]}}],"collection":[{"href":"https:\/\/www.kcsarc.org\/vi\/wp-json\/wp\/v2\/pages"}],"about":[{"href":"https:\/\/www.kcsarc.org\/vi\/wp-json\/wp\/v2\/types\/page"}],"author":[{"embeddable":true,"href":"https:\/\/www.kcsarc.org\/vi\/wp-json\/wp\/v2\/users\/2"}],"replies":[{"embeddable":true,"href":"https:\/\/www.kcsarc.org\/vi\/wp-json\/wp\/v2\/comments?post=172"}],"version-history":[{"count":8,"href":"https:\/\/www.kcsarc.org\/vi\/wp-json\/wp\/v2\/pages\/172\/revisions"}],"predecessor-version":[{"id":3355,"href":"https:\/\/www.kcsarc.org\/vi\/wp-json\/wp\/v2\/pages\/172\/revisions\/3355"}],"up":[{"embeddable":true,"href":"https:\/\/www.kcsarc.org\/vi\/wp-json\/wp\/v2\/pages\/15"}],"wp:attachment":[{"href":"https:\/\/www.kcsarc.org\/vi\/wp-json\/wp\/v2\/media?parent=172"}],"curies":[{"name":"trang web","href":"https:\/\/api.w.org\/{rel}","templated":true}]}}