{"id":155,"date":"2021-04-20T13:41:02","date_gmt":"2021-04-20T20:41:02","guid":{"rendered":"https:\/\/kcsarc.org\/?page_id=155"},"modified":"2026-04-10T17:46:42","modified_gmt":"2026-04-11T00:46:42","slug":"help-us-advocate","status":"publish","type":"page","link":"https:\/\/www.kcsarc.org\/vi\/get-involved\/help-us-advocate\/","title":{"rendered":"Gi\u00fap ch\u00fang t\u00f4i v\u1eadn \u0111\u1ed9ng"},"content":{"rendered":"","protected":false},"excerpt":{"rendered":"","protected":false},"author":2,"featured_media":0,"parent":20,"menu_order":0,"comment_status":"closed","ping_status":"closed","template":"","meta":{"_acf_changed":false,"footnotes":""},"class_list":["post-155","page","type-page","status-publish","hentry"],"acf":[],"yoast_head":"<!-- This site is optimized with the Yoast SEO plugin v27.5 - https:\/\/yoast.com\/product\/yoast-seo-wordpress\/ -->\n<title>Advocacy for Survivors of Sexual Assault | KCSARC<\/title>\n<meta name=\"description\" content=\"King County Sexual Assault Resource Center educates lawmakers and advances victim-centric policies at the state, local and federal levels.\" \/>\n<meta name=\"robots\" content=\"index, follow, max-snippet:-1, max-image-preview:large, max-video-preview:-1\" \/>\n<link rel=\"canonical\" href=\"https:\/\/www.kcsarc.org\/vi\/get-involved\/help-us-advocate\/\" \/>\n<meta property=\"og:locale\" content=\"vi_VN\" \/>\n<meta property=\"og:type\" content=\"article\" \/>\n<meta property=\"og:title\" content=\"Advocacy for Survivors of Sexual Assault | KCSARC\" \/>\n<meta property=\"og:description\" content=\"King County Sexual Assault Resource Center educates lawmakers and advances victim-centric policies at the state, local and federal levels.\" \/>\n<meta property=\"og:url\" content=\"https:\/\/www.kcsarc.org\/vi\/get-involved\/help-us-advocate\/\" \/>\n<meta property=\"og:site_name\" content=\"KCSARC\" \/>\n<meta property=\"article:modified_time\" content=\"2026-04-11T00:46:42+00:00\" \/>\n<meta property=\"og:image\" content=\"https:\/\/www.kcsarc.org\/wp-content\/uploads\/2024\/06\/logo-kcsarc.jpg\" \/>\n\t<meta property=\"og:image:width\" content=\"1200\" \/>\n\t<meta property=\"og:image:height\" content=\"675\" \/>\n\t<meta property=\"og:image:type\" content=\"image\/jpeg\" \/>\n<meta name=\"twitter:card\" content=\"summary_large_image\" \/>\n<script type=\"application\/ld+json\" class=\"yoast-schema-graph\">{\"@context\":\"https:\\\/\\\/schema.org\",\"@graph\":[{\"@type\":\"WebPage\",\"@id\":\"https:\\\/\\\/www.kcsarc.org\\\/get-involved\\\/help-us-advocate\\\/\",\"url\":\"https:\\\/\\\/www.kcsarc.org\\\/get-involved\\\/help-us-advocate\\\/\",\"name\":\"Advocacy for Survivors of Sexual Assault | KCSARC\",\"isPartOf\":{\"@id\":\"https:\\\/\\\/www.kcsarc.org\\\/en\\\/#website\"},\"datePublished\":\"2021-04-20T20:41:02+00:00\",\"dateModified\":\"2026-04-11T00:46:42+00:00\",\"description\":\"King County Sexual Assault Resource Center educates lawmakers and advances victim-centric policies at the state, local and federal levels.\",\"breadcrumb\":{\"@id\":\"https:\\\/\\\/www.kcsarc.org\\\/get-involved\\\/help-us-advocate\\\/#breadcrumb\"},\"inLanguage\":\"vi\",\"potentialAction\":[{\"@type\":\"ReadAction\",\"target\":[\"https:\\\/\\\/www.kcsarc.org\\\/get-involved\\\/help-us-advocate\\\/\"]}]},{\"@type\":\"BreadcrumbList\",\"@id\":\"https:\\\/\\\/www.kcsarc.org\\\/get-involved\\\/help-us-advocate\\\/#breadcrumb\",\"itemListElement\":[{\"@type\":\"ListItem\",\"position\":1,\"name\":\"Home\",\"item\":\"https:\\\/\\\/www.kcsarc.org\\\/\"},{\"@type\":\"ListItem\",\"position\":2,\"name\":\"Get Involved\",\"item\":\"https:\\\/\\\/www.kcsarc.org\\\/get-involved\\\/\"},{\"@type\":\"ListItem\",\"position\":3,\"name\":\"Help Us Advocate\"}]},{\"@type\":\"WebSite\",\"@id\":\"https:\\\/\\\/www.kcsarc.org\\\/en\\\/#website\",\"url\":\"https:\\\/\\\/www.kcsarc.org\\\/en\\\/\",\"name\":\"KCSARC\",\"description\":\"The King County Sexual Assault Resource Center\u2019s mission is to give voice to victims, their families, and communities; create change in beliefs, attitudes, and behaviors about sexual violence; and instill courage for people to speak out about sexual assault.\",\"potentialAction\":[{\"@type\":\"SearchAction\",\"target\":{\"@type\":\"EntryPoint\",\"urlTemplate\":\"https:\\\/\\\/www.kcsarc.org\\\/en\\\/?s={search_term_string}\"},\"query-input\":{\"@type\":\"PropertyValueSpecification\",\"valueRequired\":true,\"valueName\":\"search_term_string\"}}],\"inLanguage\":\"vi\"}]}<\/script>\n<!-- \/ Yoast SEO plugin. -->","yoast_head_json":{"title":"V\u1eadn \u0111\u1ed9ng cho nh\u1eefng ng\u01b0\u1eddi s\u1ed1ng s\u00f3t sau v\u1ee5 t\u1ea5n c\u00f4ng t\u00ecnh d\u1ee5c | KCSARC","description":"Trung t\u00e2m h\u1ed7 tr\u1ee3 n\u1ea1n nh\u00e2n t\u1ea5n c\u00f4ng t\u00ecnh d\u1ee5c qu\u1eadn King County cung c\u1ea5p th\u00f4ng tin cho c\u00e1c nh\u00e0 l\u1eadp ph\u00e1p v\u00e0 th\u00fac \u0111\u1ea9y c\u00e1c ch\u00ednh s\u00e1ch l\u1ea5y n\u1ea1n nh\u00e2n l\u00e0m trung t\u00e2m \u1edf c\u1ea5p ti\u1ec3u bang, \u0111\u1ecba ph\u01b0\u01a1ng v\u00e0 li\u00ean bang.","robots":{"index":"index","follow":"follow","max-snippet":"max-snippet:-1","max-image-preview":"max-image-preview:large","max-video-preview":"max-video-preview:-1"},"canonical":"https:\/\/www.kcsarc.org\/vi\/get-involved\/help-us-advocate\/","og_locale":"vi_VN","og_type":"article","og_title":"Advocacy for Survivors of Sexual Assault | KCSARC","og_description":"King County Sexual Assault Resource Center educates lawmakers and advances victim-centric policies at the state, local and federal levels.","og_url":"https:\/\/www.kcsarc.org\/vi\/get-involved\/help-us-advocate\/","og_site_name":"KCSARC","article_modified_time":"2026-04-11T00:46:42+00:00","og_image":[{"width":1200,"height":675,"url":"https:\/\/www.kcsarc.org\/wp-content\/uploads\/2024\/06\/logo-kcsarc.jpg","type":"image\/jpeg"}],"twitter_card":"summary_large_image","schema":{"@context":"https:\/\/schema.org","@graph":[{"@type":"WebPage","@id":"https:\/\/www.kcsarc.org\/get-involved\/help-us-advocate\/","url":"https:\/\/www.kcsarc.org\/get-involved\/help-us-advocate\/","name":"V\u1eadn \u0111\u1ed9ng cho nh\u1eefng ng\u01b0\u1eddi s\u1ed1ng s\u00f3t sau v\u1ee5 t\u1ea5n c\u00f4ng t\u00ecnh d\u1ee5c | KCSARC","isPartOf":{"@id":"https:\/\/www.kcsarc.org\/en\/#website"},"datePublished":"2021-04-20T20:41:02+00:00","dateModified":"2026-04-11T00:46:42+00:00","description":"Trung t\u00e2m h\u1ed7 tr\u1ee3 n\u1ea1n nh\u00e2n t\u1ea5n c\u00f4ng t\u00ecnh d\u1ee5c qu\u1eadn King County cung c\u1ea5p th\u00f4ng tin cho c\u00e1c nh\u00e0 l\u1eadp ph\u00e1p v\u00e0 th\u00fac \u0111\u1ea9y c\u00e1c ch\u00ednh s\u00e1ch l\u1ea5y n\u1ea1n nh\u00e2n l\u00e0m trung t\u00e2m \u1edf c\u1ea5p ti\u1ec3u bang, \u0111\u1ecba ph\u01b0\u01a1ng v\u00e0 li\u00ean bang.","breadcrumb":{"@id":"https:\/\/www.kcsarc.org\/get-involved\/help-us-advocate\/#breadcrumb"},"inLanguage":"vi","potentialAction":[{"@type":"ReadAction","target":["https:\/\/www.kcsarc.org\/get-involved\/help-us-advocate\/"]}]},{"@type":"BreadcrumbList","@id":"https:\/\/www.kcsarc.org\/get-involved\/help-us-advocate\/#breadcrumb","itemListElement":[{"@type":"ListItem","position":1,"name":"Home","item":"https:\/\/www.kcsarc.org\/"},{"@type":"ListItem","position":2,"name":"Get Involved","item":"https:\/\/www.kcsarc.org\/get-involved\/"},{"@type":"ListItem","position":3,"name":"Help Us Advocate"}]},{"@type":"WebSite","@id":"https:\/\/www.kcsarc.org\/en\/#website","url":"https:\/\/www.kcsarc.org\/en\/","name":"KCSARC","description":"Nhi\u1ec7m v\u1ee5 c\u1ee7a Trung t\u00e2m T\u00e0i nguy\u00ean T\u1ea5n c\u00f4ng T\u00ecnh d\u1ee5c Qu\u1eadn King l\u00e0 l\u00ean ti\u1ebfng cho c\u00e1c n\u1ea1n nh\u00e2n, gia \u0111\u00ecnh h\u1ecd v\u00e0 c\u1ed9ng \u0111\u1ed3ng; t\u1ea1o s\u1ef1 thay \u0111\u1ed5i ni\u1ec1m tin, th\u00e1i \u0111\u1ed9, h\u00e0nh vi v\u1ec1 b\u1ea1o l\u1ef1c t\u00ecnh d\u1ee5c; v\u00e0 truy\u1ec1n cho m\u1ecdi ng\u01b0\u1eddi d\u0169ng kh\u00ed l\u00ean ti\u1ebfng v\u1ec1 t\u1ea5n c\u00f4ng t\u00ecnh d\u1ee5c.","potentialAction":[{"@type":"SearchAction","target":{"@type":"EntryPoint","urlTemplate":"https:\/\/www.kcsarc.org\/en\/?s={search_term_string}"},"query-input":{"@type":"PropertyValueSpecification","valueRequired":true,"valueName":"search_term_string"}}],"inLanguage":"vi"}]}},"_links":{"self":[{"href":"https:\/\/www.kcsarc.org\/vi\/wp-json\/wp\/v2\/pages\/155","targetHints":{"allow":["GET"]}}],"collection":[{"href":"https:\/\/www.kcsarc.org\/vi\/wp-json\/wp\/v2\/pages"}],"about":[{"href":"https:\/\/www.kcsarc.org\/vi\/wp-json\/wp\/v2\/types\/page"}],"author":[{"embeddable":true,"href":"https:\/\/www.kcsarc.org\/vi\/wp-json\/wp\/v2\/users\/2"}],"replies":[{"embeddable":true,"href":"https:\/\/www.kcsarc.org\/vi\/wp-json\/wp\/v2\/comments?post=155"}],"version-history":[{"count":11,"href":"https:\/\/www.kcsarc.org\/vi\/wp-json\/wp\/v2\/pages\/155\/revisions"}],"predecessor-version":[{"id":7763,"href":"https:\/\/www.kcsarc.org\/vi\/wp-json\/wp\/v2\/pages\/155\/revisions\/7763"}],"up":[{"embeddable":true,"href":"https:\/\/www.kcsarc.org\/vi\/wp-json\/wp\/v2\/pages\/20"}],"wp:attachment":[{"href":"https:\/\/www.kcsarc.org\/vi\/wp-json\/wp\/v2\/media?parent=155"}],"curies":[{"name":"trang web","href":"https:\/\/api.w.org\/{rel}","templated":true}]}}