{"id":137,"date":"2021-04-20T13:39:30","date_gmt":"2021-04-20T20:39:30","guid":{"rendered":"https:\/\/kcsarc.org\/?page_id=137"},"modified":"2023-12-29T15:18:51","modified_gmt":"2023-12-29T23:18:51","slug":"history","status":"publish","type":"page","link":"https:\/\/www.kcsarc.org\/vi\/about\/history\/","title":{"rendered":"L\u1ecbch s\u1eed"},"content":{"rendered":"","protected":false},"excerpt":{"rendered":"","protected":false},"author":2,"featured_media":0,"parent":22,"menu_order":0,"comment_status":"closed","ping_status":"closed","template":"","meta":{"_acf_changed":false,"footnotes":""},"class_list":["post-137","page","type-page","status-publish","hentry"],"acf":[],"yoast_head":"<!-- This site is optimized with the Yoast SEO plugin v27.5 - https:\/\/yoast.com\/product\/yoast-seo-wordpress\/ -->\n<title>A History of Supporting Sexual Assault Survivors | KCSARC<\/title>\n<meta name=\"description\" content=\"KCSARC has an extensive history of serving survivors of sexual assault and child sexual abuse, and providing innovative programming to prevent sexual violence throughout King County.\" \/>\n<meta name=\"robots\" content=\"index, follow, max-snippet:-1, max-image-preview:large, max-video-preview:-1\" \/>\n<link rel=\"canonical\" href=\"https:\/\/www.kcsarc.org\/vi\/about\/history\/\" \/>\n<meta property=\"og:locale\" content=\"vi_VN\" \/>\n<meta property=\"og:type\" content=\"article\" \/>\n<meta property=\"og:title\" content=\"A History of Supporting Sexual Assault Survivors | KCSARC\" \/>\n<meta property=\"og:description\" content=\"KCSARC has an extensive history of serving survivors of sexual assault and child sexual abuse, and providing innovative programming to prevent sexual violence throughout King County.\" \/>\n<meta property=\"og:url\" content=\"https:\/\/www.kcsarc.org\/vi\/about\/history\/\" \/>\n<meta property=\"og:site_name\" content=\"KCSARC\" \/>\n<meta property=\"article:modified_time\" content=\"2023-12-29T23:18:51+00:00\" \/>\n<meta property=\"og:image\" content=\"https:\/\/www.kcsarc.org\/wp-content\/uploads\/2024\/06\/logo-kcsarc.jpg\" \/>\n\t<meta property=\"og:image:width\" content=\"1200\" \/>\n\t<meta property=\"og:image:height\" content=\"675\" \/>\n\t<meta property=\"og:image:type\" content=\"image\/jpeg\" \/>\n<meta name=\"twitter:card\" content=\"summary_large_image\" \/>\n<script type=\"application\/ld+json\" class=\"yoast-schema-graph\">{\"@context\":\"https:\\\/\\\/schema.org\",\"@graph\":[{\"@type\":\"WebPage\",\"@id\":\"https:\\\/\\\/www.kcsarc.org\\\/about\\\/history\\\/\",\"url\":\"https:\\\/\\\/www.kcsarc.org\\\/about\\\/history\\\/\",\"name\":\"A History of Supporting Sexual Assault Survivors | KCSARC\",\"isPartOf\":{\"@id\":\"https:\\\/\\\/www.kcsarc.org\\\/en\\\/#website\"},\"datePublished\":\"2021-04-20T20:39:30+00:00\",\"dateModified\":\"2023-12-29T23:18:51+00:00\",\"description\":\"KCSARC has an extensive history of serving survivors of sexual assault and child sexual abuse, and providing innovative programming to prevent sexual violence throughout King County.\",\"breadcrumb\":{\"@id\":\"https:\\\/\\\/www.kcsarc.org\\\/about\\\/history\\\/#breadcrumb\"},\"inLanguage\":\"vi\",\"potentialAction\":[{\"@type\":\"ReadAction\",\"target\":[\"https:\\\/\\\/www.kcsarc.org\\\/about\\\/history\\\/\"]}]},{\"@type\":\"BreadcrumbList\",\"@id\":\"https:\\\/\\\/www.kcsarc.org\\\/about\\\/history\\\/#breadcrumb\",\"itemListElement\":[{\"@type\":\"ListItem\",\"position\":1,\"name\":\"Home\",\"item\":\"https:\\\/\\\/www.kcsarc.org\\\/\"},{\"@type\":\"ListItem\",\"position\":2,\"name\":\"About\",\"item\":\"https:\\\/\\\/www.kcsarc.org\\\/en\\\/about\\\/\"},{\"@type\":\"ListItem\",\"position\":3,\"name\":\"History\"}]},{\"@type\":\"WebSite\",\"@id\":\"https:\\\/\\\/www.kcsarc.org\\\/en\\\/#website\",\"url\":\"https:\\\/\\\/www.kcsarc.org\\\/en\\\/\",\"name\":\"KCSARC\",\"description\":\"The King County Sexual Assault Resource Center\u2019s mission is to give voice to victims, their families, and communities; create change in beliefs, attitudes, and behaviors about sexual violence; and instill courage for people to speak out about sexual assault.\",\"potentialAction\":[{\"@type\":\"SearchAction\",\"target\":{\"@type\":\"EntryPoint\",\"urlTemplate\":\"https:\\\/\\\/www.kcsarc.org\\\/en\\\/?s={search_term_string}\"},\"query-input\":{\"@type\":\"PropertyValueSpecification\",\"valueRequired\":true,\"valueName\":\"search_term_string\"}}],\"inLanguage\":\"vi\"}]}<\/script>\n<!-- \/ Yoast SEO plugin. -->","yoast_head_json":{"title":"L\u1ecbch S\u1eed H\u1ed7 Tr\u1ee3 Nh\u1eefng N\u1ea1n Nh\u00e2n B\u1ecb T\u1ea5n C\u00f4ng T\u00ecnh D\u1ee5c | KCSARC","description":"KCSARC c\u00f3 b\u1ec1 d\u00e0y l\u1ecbch s\u1eed ph\u1ee5c v\u1ee5 nh\u1eefng ng\u01b0\u1eddi s\u1ed1ng s\u00f3t sau c\u00e1c v\u1ee5 t\u1ea5n c\u00f4ng t\u00ecnh d\u1ee5c v\u00e0 l\u1ea1m d\u1ee5ng t\u00ecnh d\u1ee5c tr\u1ebb em, \u0111\u1ed3ng th\u1eddi cung c\u1ea5p ch\u01b0\u01a1ng tr\u00ecnh s\u00e1ng t\u1ea1o \u0111\u1ec3 ng\u0103n ch\u1eb7n b\u1ea1o l\u1ef1c t\u00ecnh d\u1ee5c tr\u00ean to\u00e0n Qu\u1eadn King.","robots":{"index":"index","follow":"follow","max-snippet":"max-snippet:-1","max-image-preview":"max-image-preview:large","max-video-preview":"max-video-preview:-1"},"canonical":"https:\/\/www.kcsarc.org\/vi\/about\/history\/","og_locale":"vi_VN","og_type":"article","og_title":"A History of Supporting Sexual Assault Survivors | KCSARC","og_description":"KCSARC has an extensive history of serving survivors of sexual assault and child sexual abuse, and providing innovative programming to prevent sexual violence throughout King County.","og_url":"https:\/\/www.kcsarc.org\/vi\/about\/history\/","og_site_name":"KCSARC","article_modified_time":"2023-12-29T23:18:51+00:00","og_image":[{"width":1200,"height":675,"url":"https:\/\/www.kcsarc.org\/wp-content\/uploads\/2024\/06\/logo-kcsarc.jpg","type":"image\/jpeg"}],"twitter_card":"summary_large_image","schema":{"@context":"https:\/\/schema.org","@graph":[{"@type":"WebPage","@id":"https:\/\/www.kcsarc.org\/about\/history\/","url":"https:\/\/www.kcsarc.org\/about\/history\/","name":"L\u1ecbch S\u1eed H\u1ed7 Tr\u1ee3 Nh\u1eefng N\u1ea1n Nh\u00e2n B\u1ecb T\u1ea5n C\u00f4ng T\u00ecnh D\u1ee5c | KCSARC","isPartOf":{"@id":"https:\/\/www.kcsarc.org\/en\/#website"},"datePublished":"2021-04-20T20:39:30+00:00","dateModified":"2023-12-29T23:18:51+00:00","description":"KCSARC c\u00f3 b\u1ec1 d\u00e0y l\u1ecbch s\u1eed ph\u1ee5c v\u1ee5 nh\u1eefng ng\u01b0\u1eddi s\u1ed1ng s\u00f3t sau c\u00e1c v\u1ee5 t\u1ea5n c\u00f4ng t\u00ecnh d\u1ee5c v\u00e0 l\u1ea1m d\u1ee5ng t\u00ecnh d\u1ee5c tr\u1ebb em, \u0111\u1ed3ng th\u1eddi cung c\u1ea5p ch\u01b0\u01a1ng tr\u00ecnh s\u00e1ng t\u1ea1o \u0111\u1ec3 ng\u0103n ch\u1eb7n b\u1ea1o l\u1ef1c t\u00ecnh d\u1ee5c tr\u00ean to\u00e0n Qu\u1eadn King.","breadcrumb":{"@id":"https:\/\/www.kcsarc.org\/about\/history\/#breadcrumb"},"inLanguage":"vi","potentialAction":[{"@type":"ReadAction","target":["https:\/\/www.kcsarc.org\/about\/history\/"]}]},{"@type":"BreadcrumbList","@id":"https:\/\/www.kcsarc.org\/about\/history\/#breadcrumb","itemListElement":[{"@type":"ListItem","position":1,"name":"Home","item":"https:\/\/www.kcsarc.org\/"},{"@type":"ListItem","position":2,"name":"About","item":"https:\/\/www.kcsarc.org\/en\/about\/"},{"@type":"ListItem","position":3,"name":"History"}]},{"@type":"WebSite","@id":"https:\/\/www.kcsarc.org\/en\/#website","url":"https:\/\/www.kcsarc.org\/en\/","name":"KCSARC","description":"Nhi\u1ec7m v\u1ee5 c\u1ee7a Trung t\u00e2m T\u00e0i nguy\u00ean T\u1ea5n c\u00f4ng T\u00ecnh d\u1ee5c Qu\u1eadn King l\u00e0 l\u00ean ti\u1ebfng cho c\u00e1c n\u1ea1n nh\u00e2n, gia \u0111\u00ecnh h\u1ecd v\u00e0 c\u1ed9ng \u0111\u1ed3ng; t\u1ea1o s\u1ef1 thay \u0111\u1ed5i ni\u1ec1m tin, th\u00e1i \u0111\u1ed9, h\u00e0nh vi v\u1ec1 b\u1ea1o l\u1ef1c t\u00ecnh d\u1ee5c; v\u00e0 truy\u1ec1n cho m\u1ecdi ng\u01b0\u1eddi d\u0169ng kh\u00ed l\u00ean ti\u1ebfng v\u1ec1 t\u1ea5n c\u00f4ng t\u00ecnh d\u1ee5c.","potentialAction":[{"@type":"SearchAction","target":{"@type":"EntryPoint","urlTemplate":"https:\/\/www.kcsarc.org\/en\/?s={search_term_string}"},"query-input":{"@type":"PropertyValueSpecification","valueRequired":true,"valueName":"search_term_string"}}],"inLanguage":"vi"}]}},"_links":{"self":[{"href":"https:\/\/www.kcsarc.org\/vi\/wp-json\/wp\/v2\/pages\/137","targetHints":{"allow":["GET"]}}],"collection":[{"href":"https:\/\/www.kcsarc.org\/vi\/wp-json\/wp\/v2\/pages"}],"about":[{"href":"https:\/\/www.kcsarc.org\/vi\/wp-json\/wp\/v2\/types\/page"}],"author":[{"embeddable":true,"href":"https:\/\/www.kcsarc.org\/vi\/wp-json\/wp\/v2\/users\/2"}],"replies":[{"embeddable":true,"href":"https:\/\/www.kcsarc.org\/vi\/wp-json\/wp\/v2\/comments?post=137"}],"version-history":[{"count":10,"href":"https:\/\/www.kcsarc.org\/vi\/wp-json\/wp\/v2\/pages\/137\/revisions"}],"predecessor-version":[{"id":5691,"href":"https:\/\/www.kcsarc.org\/vi\/wp-json\/wp\/v2\/pages\/137\/revisions\/5691"}],"up":[{"embeddable":true,"href":"https:\/\/www.kcsarc.org\/vi\/wp-json\/wp\/v2\/pages\/22"}],"wp:attachment":[{"href":"https:\/\/www.kcsarc.org\/vi\/wp-json\/wp\/v2\/media?parent=137"}],"curies":[{"name":"trang web","href":"https:\/\/api.w.org\/{rel}","templated":true}]}}