{"id":18,"date":"2021-04-19T09:09:07","date_gmt":"2021-04-19T16:09:07","guid":{"rendered":"https:\/\/kcsarc.org\/?page_id=18"},"modified":"2025-11-17T17:54:50","modified_gmt":"2025-11-18T01:54:50","slug":"give","status":"publish","type":"page","link":"https:\/\/www.kcsarc.org\/fr\/give\/","title":{"rendered":"Donner"},"content":{"rendered":"","protected":false},"excerpt":{"rendered":"","protected":false},"author":2,"featured_media":0,"parent":0,"menu_order":0,"comment_status":"closed","ping_status":"closed","template":"","meta":{"_acf_changed":false,"footnotes":""},"class_list":["post-18","page","type-page","status-publish","hentry"],"acf":[],"yoast_head":"\nGive - KCSARC<\/title>\n<meta name=\"description\" content=\"Your gift means sexual assault survivors have advocacy, therapy and services to help them heal and helps train communities to stop sexual violence.\" \/>\n<meta name=\"robots\" content=\"index, follow, max-snippet:-1, max-image-preview:large, max-video-preview:-1\" \/>\n<link rel=\"canonical\" href=\"https:\/\/www.kcsarc.org\/fr\/give\/\" \/>\n<meta property=\"og:locale\" content=\"fr_FR\" \/>\n<meta property=\"og:type\" content=\"article\" \/>\n<meta property=\"og:title\" content=\"Give - KCSARC\" \/>\n<meta property=\"og:description\" content=\"Your gift means sexual assault survivors have advocacy, therapy and services to help them heal and helps train communities to stop sexual violence.\" \/>\n<meta property=\"og:url\" content=\"https:\/\/www.kcsarc.org\/fr\/give\/\" \/>\n<meta property=\"og:site_name\" content=\"KCSARC\" \/>\n<meta property=\"article:modified_time\" content=\"2025-11-18T01:54:50+00:00\" \/>\n<meta property=\"og:image\" content=\"https:\/\/www.kcsarc.org\/wp-content\/uploads\/2024\/06\/logo-kcsarc.jpg\" \/>\n\t<meta property=\"og:image:width\" content=\"1200\" \/>\n\t<meta property=\"og:image:height\" content=\"675\" \/>\n\t<meta property=\"og:image:type\" content=\"image\/jpeg\" \/>\n<meta name=\"twitter:card\" content=\"summary_large_image\" \/>\n<script type=\"application\/ld+json\" class=\"yoast-schema-graph\">{\"@context\":\"https:\\\/\\\/schema.org\",\"@graph\":[{\"@type\":\"WebPage\",\"@id\":\"https:\\\/\\\/www.kcsarc.org\\\/give\\\/\",\"url\":\"https:\\\/\\\/www.kcsarc.org\\\/give\\\/\",\"name\":\"Give - KCSARC\",\"isPartOf\":{\"@id\":\"https:\\\/\\\/www.kcsarc.org\\\/en\\\/#website\"},\"datePublished\":\"2021-04-19T16:09:07+00:00\",\"dateModified\":\"2025-11-18T01:54:50+00:00\",\"description\":\"Your gift means sexual assault survivors have advocacy, therapy and services to help them heal and helps train communities to stop sexual violence.\",\"breadcrumb\":{\"@id\":\"https:\\\/\\\/www.kcsarc.org\\\/give\\\/#breadcrumb\"},\"inLanguage\":\"fr-FR\",\"potentialAction\":[{\"@type\":\"ReadAction\",\"target\":[\"https:\\\/\\\/www.kcsarc.org\\\/give\\\/\"]}]},{\"@type\":\"BreadcrumbList\",\"@id\":\"https:\\\/\\\/www.kcsarc.org\\\/give\\\/#breadcrumb\",\"itemListElement\":[{\"@type\":\"ListItem\",\"position\":1,\"name\":\"Home\",\"item\":\"https:\\\/\\\/www.kcsarc.org\\\/\"},{\"@type\":\"ListItem\",\"position\":2,\"name\":\"Give\"}]},{\"@type\":\"WebSite\",\"@id\":\"https:\\\/\\\/www.kcsarc.org\\\/en\\\/#website\",\"url\":\"https:\\\/\\\/www.kcsarc.org\\\/en\\\/\",\"name\":\"KCSARC\",\"description\":\"The King County Sexual Assault Resource Center\u2019s mission is to give voice to victims, their families, and communities; create change in beliefs, attitudes, and behaviors about sexual violence; and instill courage for people to speak out about sexual assault.\",\"potentialAction\":[{\"@type\":\"SearchAction\",\"target\":{\"@type\":\"EntryPoint\",\"urlTemplate\":\"https:\\\/\\\/www.kcsarc.org\\\/en\\\/?s={search_term_string}\"},\"query-input\":{\"@type\":\"PropertyValueSpecification\",\"valueRequired\":true,\"valueName\":\"search_term_string\"}}],\"inLanguage\":\"fr-FR\"}]}<\/script>\n<!-- \/ Yoast SEO plugin. -->","yoast_head_json":{"title":"Donner - KCSARC","description":"Votre don permet aux victimes d'agressions sexuelles de b\u00e9n\u00e9ficier d'un soutien, d'une th\u00e9rapie et de services pour les aider \u00e0 gu\u00e9rir, et contribue \u00e0 former les communaut\u00e9s pour mettre fin aux violences sexuelles.","robots":{"index":"index","follow":"follow","max-snippet":"max-snippet:-1","max-image-preview":"max-image-preview:large","max-video-preview":"max-video-preview:-1"},"canonical":"https:\/\/www.kcsarc.org\/fr\/give\/","og_locale":"fr_FR","og_type":"article","og_title":"Give - KCSARC","og_description":"Your gift means sexual assault survivors have advocacy, therapy and services to help them heal and helps train communities to stop sexual violence.","og_url":"https:\/\/www.kcsarc.org\/fr\/give\/","og_site_name":"KCSARC","article_modified_time":"2025-11-18T01:54:50+00:00","og_image":[{"width":1200,"height":675,"url":"https:\/\/www.kcsarc.org\/wp-content\/uploads\/2024\/06\/logo-kcsarc.jpg","type":"image\/jpeg"}],"twitter_card":"summary_large_image","schema":{"@context":"https:\/\/schema.org","@graph":[{"@type":"WebPage","@id":"https:\/\/www.kcsarc.org\/give\/","url":"https:\/\/www.kcsarc.org\/give\/","name":"Donner - KCSARC","isPartOf":{"@id":"https:\/\/www.kcsarc.org\/en\/#website"},"datePublished":"2021-04-19T16:09:07+00:00","dateModified":"2025-11-18T01:54:50+00:00","description":"Votre don permet aux victimes d'agressions sexuelles de b\u00e9n\u00e9ficier d'un soutien, d'une th\u00e9rapie et de services pour les aider \u00e0 gu\u00e9rir, et contribue \u00e0 former les communaut\u00e9s pour mettre fin aux violences sexuelles.","breadcrumb":{"@id":"https:\/\/www.kcsarc.org\/give\/#breadcrumb"},"inLanguage":"fr-FR","potentialAction":[{"@type":"ReadAction","target":["https:\/\/www.kcsarc.org\/give\/"]}]},{"@type":"BreadcrumbList","@id":"https:\/\/www.kcsarc.org\/give\/#breadcrumb","itemListElement":[{"@type":"ListItem","position":1,"name":"Home","item":"https:\/\/www.kcsarc.org\/"},{"@type":"ListItem","position":2,"name":"Give"}]},{"@type":"WebSite","@id":"https:\/\/www.kcsarc.org\/en\/#website","url":"https:\/\/www.kcsarc.org\/en\/","name":"KCSARC","description":"La mission du King County Sexual Assault Resource Center est de donner la parole aux victimes, \u00e0 leurs familles et aux communaut\u00e9s; cr\u00e9er un changement dans les croyances, les attitudes et les comportements concernant la violence sexuelle\u00a0; et insuffler le courage aux gens de parler des agressions sexuelles.","potentialAction":[{"@type":"SearchAction","target":{"@type":"EntryPoint","urlTemplate":"https:\/\/www.kcsarc.org\/en\/?s={search_term_string}"},"query-input":{"@type":"PropertyValueSpecification","valueRequired":true,"valueName":"search_term_string"}}],"inLanguage":"fr-FR"}]}},"_links":{"self":[{"href":"https:\/\/www.kcsarc.org\/fr\/wp-json\/wp\/v2\/pages\/18","targetHints":{"allow":["GET"]}}],"collection":[{"href":"https:\/\/www.kcsarc.org\/fr\/wp-json\/wp\/v2\/pages"}],"about":[{"href":"https:\/\/www.kcsarc.org\/fr\/wp-json\/wp\/v2\/types\/page"}],"author":[{"embeddable":true,"href":"https:\/\/www.kcsarc.org\/fr\/wp-json\/wp\/v2\/users\/2"}],"replies":[{"embeddable":true,"href":"https:\/\/www.kcsarc.org\/fr\/wp-json\/wp\/v2\/comments?post=18"}],"version-history":[{"count":11,"href":"https:\/\/www.kcsarc.org\/fr\/wp-json\/wp\/v2\/pages\/18\/revisions"}],"predecessor-version":[{"id":6554,"href":"https:\/\/www.kcsarc.org\/fr\/wp-json\/wp\/v2\/pages\/18\/revisions\/6554"}],"wp:attachment":[{"href":"https:\/\/www.kcsarc.org\/fr\/wp-json\/wp\/v2\/media?parent=18"}],"curies":[{"name":"wp","href":"https:\/\/api.w.org\/{rel}","templated":true}]}}