{"id":22,"date":"2021-04-19T09:09:28","date_gmt":"2021-04-19T16:09:28","guid":{"rendered":"https:\/\/kcsarc.org\/?page_id=22"},"modified":"2021-10-12T18:21:18","modified_gmt":"2021-10-13T01:21:18","slug":"about","status":"publish","type":"page","link":"https:\/\/www.kcsarc.org\/es\/about\/","title":{"rendered":"Acerca de"},"content":{"rendered":"","protected":false},"excerpt":{"rendered":"","protected":false},"author":2,"featured_media":0,"parent":0,"menu_order":0,"comment_status":"closed","ping_status":"closed","template":"","meta":{"_acf_changed":false,"footnotes":""},"class_list":["post-22","page","type-page","status-publish","hentry"],"acf":[],"yoast_head":"<!-- This site is optimized with the Yoast SEO plugin v27.5 - https:\/\/yoast.com\/product\/yoast-seo-wordpress\/ -->\n<title>About - KCSARC<\/title>\n<meta name=\"description\" content=\"The King County Sexual Assault Resource Center is an independent nonprofit serving sexual assault survivors and their families, and offering violence prevention programming designed to end sexual violence throughout King County, Washington.\" \/>\n<meta name=\"robots\" content=\"index, follow, max-snippet:-1, max-image-preview:large, max-video-preview:-1\" \/>\n<link rel=\"canonical\" href=\"https:\/\/www.kcsarc.org\/es\/about\/\" \/>\n<meta property=\"og:locale\" content=\"es_MX\" \/>\n<meta property=\"og:type\" content=\"article\" \/>\n<meta property=\"og:title\" content=\"About - KCSARC\" \/>\n<meta property=\"og:description\" content=\"The King County Sexual Assault Resource Center is an independent nonprofit serving sexual assault survivors and their families, and offering violence prevention programming designed to end sexual violence throughout King County, Washington.\" \/>\n<meta property=\"og:url\" content=\"https:\/\/www.kcsarc.org\/es\/about\/\" \/>\n<meta property=\"og:site_name\" content=\"KCSARC\" \/>\n<meta property=\"article:modified_time\" content=\"2021-10-13T01:21:18+00:00\" \/>\n<meta property=\"og:image\" content=\"https:\/\/www.kcsarc.org\/wp-content\/uploads\/2024\/06\/logo-kcsarc.jpg\" \/>\n\t<meta property=\"og:image:width\" content=\"1200\" \/>\n\t<meta property=\"og:image:height\" content=\"675\" \/>\n\t<meta property=\"og:image:type\" content=\"image\/jpeg\" \/>\n<meta name=\"twitter:card\" content=\"summary_large_image\" \/>\n<script type=\"application\/ld+json\" class=\"yoast-schema-graph\">{\"@context\":\"https:\\\/\\\/schema.org\",\"@graph\":[{\"@type\":\"WebPage\",\"@id\":\"https:\\\/\\\/www.kcsarc.org\\\/en\\\/about\\\/\",\"url\":\"https:\\\/\\\/www.kcsarc.org\\\/en\\\/about\\\/\",\"name\":\"About - KCSARC\",\"isPartOf\":{\"@id\":\"https:\\\/\\\/www.kcsarc.org\\\/en\\\/#website\"},\"datePublished\":\"2021-04-19T16:09:28+00:00\",\"dateModified\":\"2021-10-13T01:21:18+00:00\",\"description\":\"The King County Sexual Assault Resource Center is an independent nonprofit serving sexual assault survivors and their families, and offering violence prevention programming designed to end sexual violence throughout King County, Washington.\",\"breadcrumb\":{\"@id\":\"https:\\\/\\\/www.kcsarc.org\\\/en\\\/about\\\/#breadcrumb\"},\"inLanguage\":\"es\",\"potentialAction\":[{\"@type\":\"ReadAction\",\"target\":[\"https:\\\/\\\/www.kcsarc.org\\\/en\\\/about\\\/\"]}]},{\"@type\":\"BreadcrumbList\",\"@id\":\"https:\\\/\\\/www.kcsarc.org\\\/en\\\/about\\\/#breadcrumb\",\"itemListElement\":[{\"@type\":\"ListItem\",\"position\":1,\"name\":\"Home\",\"item\":\"https:\\\/\\\/www.kcsarc.org\\\/\"},{\"@type\":\"ListItem\",\"position\":2,\"name\":\"About\"}]},{\"@type\":\"WebSite\",\"@id\":\"https:\\\/\\\/www.kcsarc.org\\\/en\\\/#website\",\"url\":\"https:\\\/\\\/www.kcsarc.org\\\/en\\\/\",\"name\":\"KCSARC\",\"description\":\"The King County Sexual Assault Resource Center\u2019s mission is to give voice to victims, their families, and communities; create change in beliefs, attitudes, and behaviors about sexual violence; and instill courage for people to speak out about sexual assault.\",\"potentialAction\":[{\"@type\":\"SearchAction\",\"target\":{\"@type\":\"EntryPoint\",\"urlTemplate\":\"https:\\\/\\\/www.kcsarc.org\\\/en\\\/?s={search_term_string}\"},\"query-input\":{\"@type\":\"PropertyValueSpecification\",\"valueRequired\":true,\"valueName\":\"search_term_string\"}}],\"inLanguage\":\"es\"}]}<\/script>\n<!-- \/ Yoast SEO plugin. -->","yoast_head_json":{"title":"Acerca de - KCSARC","description":"El Centro de recursos de agresi\u00f3n sexual del condado de King es una organizaci\u00f3n independiente sin fines de lucro que atiende a sobrevivientes de agresi\u00f3n sexual y sus familias, y ofrece programas de prevenci\u00f3n de la violencia dise\u00f1ados para poner fin a la violencia sexual en todo el condado de King, Washington.","robots":{"index":"index","follow":"follow","max-snippet":"max-snippet:-1","max-image-preview":"max-image-preview:large","max-video-preview":"max-video-preview:-1"},"canonical":"https:\/\/www.kcsarc.org\/es\/about\/","og_locale":"es_MX","og_type":"article","og_title":"About - KCSARC","og_description":"The King County Sexual Assault Resource Center is an independent nonprofit serving sexual assault survivors and their families, and offering violence prevention programming designed to end sexual violence throughout King County, Washington.","og_url":"https:\/\/www.kcsarc.org\/es\/about\/","og_site_name":"KCSARC","article_modified_time":"2021-10-13T01:21:18+00:00","og_image":[{"width":1200,"height":675,"url":"https:\/\/www.kcsarc.org\/wp-content\/uploads\/2024\/06\/logo-kcsarc.jpg","type":"image\/jpeg"}],"twitter_card":"summary_large_image","schema":{"@context":"https:\/\/schema.org","@graph":[{"@type":"WebPage","@id":"https:\/\/www.kcsarc.org\/en\/about\/","url":"https:\/\/www.kcsarc.org\/en\/about\/","name":"Acerca de - KCSARC","isPartOf":{"@id":"https:\/\/www.kcsarc.org\/en\/#website"},"datePublished":"2021-04-19T16:09:28+00:00","dateModified":"2021-10-13T01:21:18+00:00","description":"El Centro de recursos de agresi\u00f3n sexual del condado de King es una organizaci\u00f3n independiente sin fines de lucro que atiende a sobrevivientes de agresi\u00f3n sexual y sus familias, y ofrece programas de prevenci\u00f3n de la violencia dise\u00f1ados para poner fin a la violencia sexual en todo el condado de King, Washington.","breadcrumb":{"@id":"https:\/\/www.kcsarc.org\/en\/about\/#breadcrumb"},"inLanguage":"es","potentialAction":[{"@type":"ReadAction","target":["https:\/\/www.kcsarc.org\/en\/about\/"]}]},{"@type":"BreadcrumbList","@id":"https:\/\/www.kcsarc.org\/en\/about\/#breadcrumb","itemListElement":[{"@type":"ListItem","position":1,"name":"Home","item":"https:\/\/www.kcsarc.org\/"},{"@type":"ListItem","position":2,"name":"About"}]},{"@type":"WebSite","@id":"https:\/\/www.kcsarc.org\/en\/#website","url":"https:\/\/www.kcsarc.org\/en\/","name":"KCSARC","description":"La misi\u00f3n del Centro de Recursos de Agresi\u00f3n Sexual del Condado de King es dar voz a las v\u00edctimas, sus familias y comunidades; crear cambios en las creencias, actitudes y comportamientos sobre la violencia sexual; e infundir coraje para que las personas hablen sobre la agresi\u00f3n sexual.","potentialAction":[{"@type":"SearchAction","target":{"@type":"EntryPoint","urlTemplate":"https:\/\/www.kcsarc.org\/en\/?s={search_term_string}"},"query-input":{"@type":"PropertyValueSpecification","valueRequired":true,"valueName":"search_term_string"}}],"inLanguage":"es"}]}},"_links":{"self":[{"href":"https:\/\/www.kcsarc.org\/es\/wp-json\/wp\/v2\/pages\/22","targetHints":{"allow":["GET"]}}],"collection":[{"href":"https:\/\/www.kcsarc.org\/es\/wp-json\/wp\/v2\/pages"}],"about":[{"href":"https:\/\/www.kcsarc.org\/es\/wp-json\/wp\/v2\/types\/page"}],"author":[{"embeddable":true,"href":"https:\/\/www.kcsarc.org\/es\/wp-json\/wp\/v2\/users\/2"}],"replies":[{"embeddable":true,"href":"https:\/\/www.kcsarc.org\/es\/wp-json\/wp\/v2\/comments?post=22"}],"version-history":[{"count":4,"href":"https:\/\/www.kcsarc.org\/es\/wp-json\/wp\/v2\/pages\/22\/revisions"}],"predecessor-version":[{"id":3660,"href":"https:\/\/www.kcsarc.org\/es\/wp-json\/wp\/v2\/pages\/22\/revisions\/3660"}],"wp:attachment":[{"href":"https:\/\/www.kcsarc.org\/es\/wp-json\/wp\/v2\/media?parent=22"}],"curies":[{"name":"wp","href":"https:\/\/api.w.org\/{rel}","templated":true}]}}